{"id":770,"date":"2020-05-02T20:57:01","date_gmt":"2020-05-02T20:57:01","guid":{"rendered":"https:\/\/avesdeamarante.officinanoctua.pt\/?page_id=770"},"modified":"2025-10-25T14:36:45","modified_gmt":"2025-10-25T14:36:45","slug":"peneda-geres","status":"publish","type":"page","link":"https:\/\/avesdeamarante.officinanoctua.pt\/en\/peneda-geres\/","title":{"rendered":"Peneda-Ger\u00eas"},"content":{"rendered":"<div data-elementor-type=\"wp-page\" data-elementor-id=\"770\" class=\"elementor elementor-770\">\n\t\t\t\t\t\t<section class=\"elementor-section elementor-top-section elementor-element elementor-element-acf2010 elementor-section-stretched elementor-section-full_width elementor-section-height-min-height elementor-section-height-default elementor-section-items-middle\" data-id=\"acf2010\" data-element_type=\"section\" data-settings=\"{&quot;stretch_section&quot;:&quot;section-stretched&quot;,&quot;background_background&quot;:&quot;slideshow&quot;,&quot;background_slideshow_gallery&quot;:[{&quot;id&quot;:775,&quot;url&quot;:&quot;https:\\\/\\\/avesdeamarante.officinanoctua.pt\\\/wp-content\\\/uploads\\\/2020\\\/05\\\/IMG_9270_a.jpg&quot;},{&quot;id&quot;:781,&quot;url&quot;:&quot;https:\\\/\\\/avesdeamarante.officinanoctua.pt\\\/wp-content\\\/uploads\\\/2020\\\/05\\\/picapauM.jpg&quot;},{&quot;id&quot;:773,&quot;url&quot;:&quot;https:\\\/\\\/avesdeamarante.officinanoctua.pt\\\/wp-content\\\/uploads\\\/2020\\\/05\\\/IMG_5308_a.jpg&quot;},{&quot;id&quot;:780,&quot;url&quot;:&quot;https:\\\/\\\/avesdeamarante.officinanoctua.pt\\\/wp-content\\\/uploads\\\/2020\\\/05\\\/lugre1.jpg&quot;},{&quot;id&quot;:774,&quot;url&quot;:&quot;https:\\\/\\\/avesdeamarante.officinanoctua.pt\\\/wp-content\\\/uploads\\\/2020\\\/05\\\/IMG_5288.jpg&quot;}],&quot;background_slideshow_loop&quot;:&quot;yes&quot;,&quot;background_slideshow_slide_duration&quot;:5000,&quot;background_slideshow_slide_transition&quot;:&quot;fade&quot;,&quot;background_slideshow_transition_duration&quot;:500}\">\n\t\t\t\t\t\t<div class=\"elementor-container elementor-column-gap-no\">\n\t\t\t\t\t<div class=\"elementor-column elementor-col-100 elementor-top-column elementor-element elementor-element-8257efb\" data-id=\"8257efb\" data-element_type=\"column\">\n\t\t\t<div class=\"elementor-widget-wrap\">\n\t\t\t\t\t\t\t<\/div>\n\t\t<\/div>\n\t\t\t\t\t<\/div>\n\t\t<\/section>\n\t\t\t\t<section class=\"elementor-section elementor-top-section elementor-element elementor-element-96abc72 elementor-section-stretched elementor-section-full_width elementor-section-height-default elementor-section-height-default\" data-id=\"96abc72\" data-element_type=\"section\" data-settings=\"{&quot;stretch_section&quot;:&quot;section-stretched&quot;}\">\n\t\t\t\t\t\t<div class=\"elementor-container elementor-column-gap-no\">\n\t\t\t\t\t<div class=\"elementor-column elementor-col-25 elementor-top-column elementor-element elementor-element-5b19fc9\" data-id=\"5b19fc9\" data-element_type=\"column\">\n\t\t\t<div class=\"elementor-widget-wrap\">\n\t\t\t\t\t\t\t<\/div>\n\t\t<\/div>\n\t\t\t\t<div class=\"elementor-column elementor-col-50 elementor-top-column elementor-element elementor-element-4952050\" data-id=\"4952050\" data-element_type=\"column\">\n\t\t\t<div class=\"elementor-widget-wrap elementor-element-populated\">\n\t\t\t\t\t\t<div class=\"elementor-element elementor-element-2adc7c7 elementor-widget elementor-widget-heading\" data-id=\"2adc7c7\" data-element_type=\"widget\" data-widget_type=\"heading.default\">\n\t\t\t\t<div class=\"elementor-widget-container\">\n\t\t\t\t\t<h2 class=\"elementor-heading-title elementor-size-default\">Peneda-Ger\u00eas National Park<\/h2>\t\t\t\t<\/div>\n\t\t\t\t<\/div>\n\t\t\t\t<div class=\"elementor-element elementor-element-05f0bec elementor-widget elementor-widget-spacer\" data-id=\"05f0bec\" data-element_type=\"widget\" data-widget_type=\"spacer.default\">\n\t\t\t\t<div class=\"elementor-widget-container\">\n\t\t\t\t\t\t\t<div class=\"elementor-spacer\">\n\t\t\t<div class=\"elementor-spacer-inner\"><\/div>\n\t\t<\/div>\n\t\t\t\t\t\t<\/div>\n\t\t\t\t<\/div>\n\t\t\t\t<div class=\"elementor-element elementor-element-593272e elementor-widget elementor-widget-text-editor\" data-id=\"593272e\" data-element_type=\"widget\" data-widget_type=\"text-editor.default\">\n\t\t\t\t<div class=\"elementor-widget-container\">\n\t\t\t\t\t\t\t\t\t<p class=\"western\">A landscape that combines mountains, rivers, waterfalls and a lot of biodiversity. The Peneda-Geres Park route passes through many different sites, including winter snowy mountains, where some of the most elusive mammals and reptiles in the country hide. We will reach plateaus with flooded meadows, rich in biodiversity, and we will visit some of the most ancient forests that exist in Portugal.<\/p><p class=\"western\"><b>Species:<\/b><\/p><p class=\"western\"><b>Resident<\/b>: Crag Martin, Spotless Starling, Booted Eagle, Golden Oriole, Zitting Cisticola, Rock Bunting, Quail, Iberian Grey Shrike, Short-toed Eagle, Dartford Warbler.<\/p><p class=\"western\"><strong>Breeding:<\/strong> Pallid Swift, Iberian Chiffchaff, Red-rumped Swallow, Long-eared Owl, Western Bonelli's Warbler, Honey Buzzard, Rock Thrush, Ortolan.<\/p><p class=\"western\"><b>Wintering<\/b>: Merlin.<\/p><p class=\"western\"><b>Best time to visit<\/b>: Spring-Summer.<\/p><p>To book or get more information, please\u00a0<span style=\"color: #2b3014;\"><strong><a style=\"color: #2b3014;\" href=\"https:\/\/avesdeamarante.officinanoctua.pt\/en\/contactos\/\" target=\"_blank\" rel=\"noopener\">contact us.<\/a><\/strong><\/span><\/p>\t\t\t\t\t\t\t\t<\/div>\n\t\t\t\t<\/div>\n\t\t\t\t\t<\/div>\n\t\t<\/div>\n\t\t\t\t<div class=\"elementor-column elementor-col-25 elementor-top-column elementor-element elementor-element-79e1284\" data-id=\"79e1284\" data-element_type=\"column\">\n\t\t\t<div class=\"elementor-widget-wrap\">\n\t\t\t\t\t\t\t<\/div>\n\t\t<\/div>\n\t\t\t\t\t<\/div>\n\t\t<\/section>\n\t\t\t\t<footer class=\"elementor-section elementor-top-section elementor-element elementor-element-039b432 elementor-section-stretched elementor-section-full_width elementor-section-height-default elementor-section-height-default\" data-id=\"039b432\" data-element_type=\"section\" data-settings=\"{&quot;stretch_section&quot;:&quot;section-stretched&quot;,&quot;background_background&quot;:&quot;classic&quot;}\">\n\t\t\t\t\t\t<div class=\"elementor-container elementor-column-gap-default\">\n\t\t\t\t\t<div class=\"elementor-column elementor-col-25 elementor-top-column elementor-element elementor-element-9fb8be1\" data-id=\"9fb8be1\" data-element_type=\"column\">\n\t\t\t<div class=\"elementor-widget-wrap elementor-element-populated\">\n\t\t\t\t\t\t<div class=\"elementor-element elementor-element-3c64494 elementor-widget elementor-widget-image\" data-id=\"3c64494\" data-element_type=\"widget\" data-widget_type=\"image.default\">\n\t\t\t\t<div class=\"elementor-widget-container\">\n\t\t\t\t\t\t\t\t\t\t\t\t\t\t\t<img decoding=\"async\" width=\"78\" height=\"100\" src=\"https:\/\/avesdeamarante.officinanoctua.pt\/wp-content\/uploads\/2020\/04\/Ativo-3.png\" class=\"attachment-large size-large wp-image-201\" alt=\"\" \/>\t\t\t\t\t\t\t\t\t\t\t\t\t\t\t<\/div>\n\t\t\t\t<\/div>\n\t\t\t\t\t<\/div>\n\t\t<\/div>\n\t\t\t\t<div class=\"elementor-column elementor-col-50 elementor-top-column elementor-element elementor-element-8f7e4e5\" data-id=\"8f7e4e5\" data-element_type=\"column\">\n\t\t\t<div class=\"elementor-widget-wrap elementor-element-populated\">\n\t\t\t\t\t\t<div class=\"elementor-element elementor-element-be29a81 elementor-widget elementor-widget-spacer\" data-id=\"be29a81\" data-element_type=\"widget\" data-widget_type=\"spacer.default\">\n\t\t\t\t<div class=\"elementor-widget-container\">\n\t\t\t\t\t\t\t<div class=\"elementor-spacer\">\n\t\t\t<div class=\"elementor-spacer-inner\"><\/div>\n\t\t<\/div>\n\t\t\t\t\t\t<\/div>\n\t\t\t\t<\/div>\n\t\t\t\t<div class=\"elementor-element elementor-element-1fc8e45 elementor-widget elementor-widget-text-editor\" data-id=\"1fc8e45\" data-element_type=\"widget\" data-widget_type=\"text-editor.default\">\n\t\t\t\t<div class=\"elementor-widget-container\">\n\t\t\t\t\t\t\t\t\t<p><strong>Officina Noctua<\/strong><br \/>Rua Miguel Bombarda n\u00ba10 4600-089 Amarante<br \/>(351) 255432097 * :: officina.noctua@gmail.com<br \/>*<em>chamada para rede fixa nacional<\/em><\/p>\t\t\t\t\t\t\t\t<\/div>\n\t\t\t\t<\/div>\n\t\t\t\t<div class=\"elementor-element elementor-element-a30d000 elementor-shape-rounded elementor-grid-0 e-grid-align-center elementor-widget elementor-widget-social-icons\" data-id=\"a30d000\" data-element_type=\"widget\" data-widget_type=\"social-icons.default\">\n\t\t\t\t<div class=\"elementor-widget-container\">\n\t\t\t\t\t\t\t<div class=\"elementor-social-icons-wrapper elementor-grid\" role=\"list\">\n\t\t\t\t\t\t\t<span class=\"elementor-grid-item\" role=\"listitem\">\n\t\t\t\t\t<a class=\"elementor-icon elementor-social-icon elementor-social-icon-facebook elementor-repeater-item-ef5cf57\" href=\"https:\/\/www.facebook.com\/groups\/aves.de.amarante\/\" target=\"_blank\">\n\t\t\t\t\t\t<span class=\"elementor-screen-only\">Facebook<\/span>\n\t\t\t\t\t\t<i class=\"fab fa-facebook\"><\/i>\t\t\t\t\t<\/a>\n\t\t\t\t<\/span>\n\t\t\t\t\t\t\t<span class=\"elementor-grid-item\" role=\"listitem\">\n\t\t\t\t\t<a class=\"elementor-icon elementor-social-icon elementor-social-icon-instagram elementor-repeater-item-e72f8f1\" href=\"https:\/\/www.instagram.com\/aves.de.amarante\/\" target=\"_blank\">\n\t\t\t\t\t\t<span class=\"elementor-screen-only\">Instagram<\/span>\n\t\t\t\t\t\t<i class=\"fab fa-instagram\"><\/i>\t\t\t\t\t<\/a>\n\t\t\t\t<\/span>\n\t\t\t\t\t<\/div>\n\t\t\t\t\t\t<\/div>\n\t\t\t\t<\/div>\n\t\t\t\t<div class=\"elementor-element elementor-element-fd26d88 elementor-widget elementor-widget-spacer\" data-id=\"fd26d88\" data-element_type=\"widget\" data-widget_type=\"spacer.default\">\n\t\t\t\t<div class=\"elementor-widget-container\">\n\t\t\t\t\t\t\t<div class=\"elementor-spacer\">\n\t\t\t<div class=\"elementor-spacer-inner\"><\/div>\n\t\t<\/div>\n\t\t\t\t\t\t<\/div>\n\t\t\t\t<\/div>\n\t\t\t\t<div class=\"elementor-element elementor-element-87b3f9b elementor-widget elementor-widget-text-editor\" data-id=\"87b3f9b\" data-element_type=\"widget\" data-widget_type=\"text-editor.default\">\n\t\t\t\t<div class=\"elementor-widget-container\">\n\t\t\t\t\t\t\t\t\t<p>Officina Noctua \u00a9 MMXXV<br \/>All rights reserved<\/p>\t\t\t\t\t\t\t\t<\/div>\n\t\t\t\t<\/div>\n\t\t\t\t\t<\/div>\n\t\t<\/div>\n\t\t\t\t<div class=\"elementor-column elementor-col-25 elementor-top-column elementor-element elementor-element-f9bc590\" data-id=\"f9bc590\" data-element_type=\"column\">\n\t\t\t<div class=\"elementor-widget-wrap elementor-element-populated\">\n\t\t\t\t\t\t<div class=\"elementor-element elementor-element-116e7cd elementor-widget elementor-widget-image\" data-id=\"116e7cd\" data-element_type=\"widget\" data-widget_type=\"image.default\">\n\t\t\t\t<div class=\"elementor-widget-container\">\n\t\t\t\t\t\t\t\t\t\t\t\t\t\t\t<img decoding=\"async\" width=\"94\" height=\"100\" src=\"https:\/\/avesdeamarante.officinanoctua.pt\/wp-content\/uploads\/2020\/04\/logo-Turismo-de-Natureza-ICNB-verde.png\" class=\"attachment-large size-large wp-image-202\" alt=\"\" \/>\t\t\t\t\t\t\t\t\t\t\t\t\t\t\t<\/div>\n\t\t\t\t<\/div>\n\t\t\t\t<div class=\"elementor-element elementor-element-446dd55 elementor-widget elementor-widget-text-editor\" data-id=\"446dd55\" data-element_type=\"widget\" data-widget_type=\"text-editor.default\">\n\t\t\t\t<div class=\"elementor-widget-container\">\n\t\t\t\t\t\t\t\t\t<p style=\"text-align: center;\">RNAAT: 1023\/2019<\/p>\t\t\t\t\t\t\t\t<\/div>\n\t\t\t\t<\/div>\n\t\t\t\t\t<\/div>\n\t\t<\/div>\n\t\t\t\t\t<\/div>\n\t\t<\/footer>\n\t\t\t\t<\/div>","protected":false},"excerpt":{"rendered":"<p>Parque Nacional da Peneda-Ger\u00eas Um parque nacional que guarda montanhas, rios, cascatas e muita biodiversidade. A rota do Parque Peneda-G\u00eares [&hellip;]<\/p>","protected":false},"author":2,"featured_media":0,"parent":0,"menu_order":0,"comment_status":"closed","ping_status":"closed","template":"","meta":{"iawp_total_views":5,"footnotes":""},"class_list":["post-770","page","type-page","status-publish","hentry"],"yoast_head":"<!-- This site is optimized with the Yoast SEO plugin v25.6 - https:\/\/yoast.com\/wordpress\/plugins\/seo\/ -->\n<title>Peneda-Ger\u00eas - Aves de Amarante<\/title>\n<meta name=\"robots\" content=\"index, follow, max-snippet:-1, max-image-preview:large, max-video-preview:-1\" \/>\n<link rel=\"canonical\" href=\"https:\/\/avesdeamarante.officinanoctua.pt\/en\/peneda-geres\/\" \/>\n<meta property=\"og:locale\" content=\"en_GB\" \/>\n<meta property=\"og:type\" content=\"article\" \/>\n<meta property=\"og:title\" content=\"Peneda-Ger\u00eas - Aves de Amarante\" \/>\n<meta property=\"og:description\" content=\"Parque Nacional da Peneda-Ger\u00eas Um parque nacional que guarda montanhas, rios, cascatas e muita biodiversidade. A rota do Parque Peneda-G\u00eares [&hellip;]\" \/>\n<meta property=\"og:url\" content=\"https:\/\/avesdeamarante.officinanoctua.pt\/en\/peneda-geres\/\" \/>\n<meta property=\"og:site_name\" content=\"Aves de Amarante\" \/>\n<meta property=\"article:modified_time\" content=\"2025-10-25T14:36:45+00:00\" \/>\n<meta property=\"og:image\" content=\"https:\/\/avesdeamarante.officinanoctua.pt\/wp-content\/uploads\/2020\/04\/Ativo-3.png\" \/>\n\t<meta property=\"og:image:width\" content=\"78\" \/>\n\t<meta property=\"og:image:height\" content=\"100\" \/>\n\t<meta property=\"og:image:type\" content=\"image\/png\" \/>\n<meta name=\"twitter:card\" content=\"summary_large_image\" \/>\n<meta name=\"twitter:label1\" content=\"Estimated reading time\" \/>\n\t<meta name=\"twitter:data1\" content=\"2 minutes\" \/>\n<script type=\"application\/ld+json\" class=\"yoast-schema-graph\">{\"@context\":\"https:\/\/schema.org\",\"@graph\":[{\"@type\":\"WebPage\",\"@id\":\"https:\/\/avesdeamarante.officinanoctua.pt\/peneda-geres\/\",\"url\":\"https:\/\/avesdeamarante.officinanoctua.pt\/peneda-geres\/\",\"name\":\"Peneda-Ger\u00eas - Aves de Amarante\",\"isPartOf\":{\"@id\":\"https:\/\/avesdeamarante.officinanoctua.pt\/#website\"},\"primaryImageOfPage\":{\"@id\":\"https:\/\/avesdeamarante.officinanoctua.pt\/peneda-geres\/#primaryimage\"},\"image\":{\"@id\":\"https:\/\/avesdeamarante.officinanoctua.pt\/peneda-geres\/#primaryimage\"},\"thumbnailUrl\":\"https:\/\/avesdeamarante.officinanoctua.pt\/wp-content\/uploads\/2020\/04\/Ativo-3.png\",\"datePublished\":\"2020-05-02T20:57:01+00:00\",\"dateModified\":\"2025-10-25T14:36:45+00:00\",\"breadcrumb\":{\"@id\":\"https:\/\/avesdeamarante.officinanoctua.pt\/peneda-geres\/#breadcrumb\"},\"inLanguage\":\"en-GB\",\"potentialAction\":[{\"@type\":\"ReadAction\",\"target\":[\"https:\/\/avesdeamarante.officinanoctua.pt\/peneda-geres\/\"]}]},{\"@type\":\"ImageObject\",\"inLanguage\":\"en-GB\",\"@id\":\"https:\/\/avesdeamarante.officinanoctua.pt\/peneda-geres\/#primaryimage\",\"url\":\"https:\/\/avesdeamarante.officinanoctua.pt\/wp-content\/uploads\/2020\/04\/Ativo-3.png\",\"contentUrl\":\"https:\/\/avesdeamarante.officinanoctua.pt\/wp-content\/uploads\/2020\/04\/Ativo-3.png\"},{\"@type\":\"BreadcrumbList\",\"@id\":\"https:\/\/avesdeamarante.officinanoctua.pt\/peneda-geres\/#breadcrumb\",\"itemListElement\":[{\"@type\":\"ListItem\",\"position\":1,\"name\":\"In\u00edcio\",\"item\":\"https:\/\/avesdeamarante.officinanoctua.pt\/\"},{\"@type\":\"ListItem\",\"position\":2,\"name\":\"Peneda-Ger\u00eas\"}]},{\"@type\":\"WebSite\",\"@id\":\"https:\/\/avesdeamarante.officinanoctua.pt\/#website\",\"url\":\"https:\/\/avesdeamarante.officinanoctua.pt\/\",\"name\":\"Aves de Amarante\",\"description\":\"Birdwatching em Amarante e Portugal Norte\",\"publisher\":{\"@id\":\"https:\/\/avesdeamarante.officinanoctua.pt\/#organization\"},\"potentialAction\":[{\"@type\":\"SearchAction\",\"target\":{\"@type\":\"EntryPoint\",\"urlTemplate\":\"https:\/\/avesdeamarante.officinanoctua.pt\/?s={search_term_string}\"},\"query-input\":{\"@type\":\"PropertyValueSpecification\",\"valueRequired\":true,\"valueName\":\"search_term_string\"}}],\"inLanguage\":\"en-GB\"},{\"@type\":\"Organization\",\"@id\":\"https:\/\/avesdeamarante.officinanoctua.pt\/#organization\",\"name\":\"Aves de Amarante\",\"url\":\"https:\/\/avesdeamarante.officinanoctua.pt\/\",\"logo\":{\"@type\":\"ImageObject\",\"inLanguage\":\"en-GB\",\"@id\":\"https:\/\/avesdeamarante.officinanoctua.pt\/#\/schema\/logo\/image\/\",\"url\":\"https:\/\/avesdeamarante.officinanoctua.pt\/wp-content\/uploads\/2020\/04\/Ativo-1.png\",\"contentUrl\":\"https:\/\/avesdeamarante.officinanoctua.pt\/wp-content\/uploads\/2020\/04\/Ativo-1.png\",\"width\":193,\"height\":59,\"caption\":\"Aves de Amarante\"},\"image\":{\"@id\":\"https:\/\/avesdeamarante.officinanoctua.pt\/#\/schema\/logo\/image\/\"}}]}<\/script>\n<!-- \/ Yoast SEO plugin. -->","yoast_head_json":{"title":"Peneda-Ger\u00eas - Aves de Amarante","robots":{"index":"index","follow":"follow","max-snippet":"max-snippet:-1","max-image-preview":"max-image-preview:large","max-video-preview":"max-video-preview:-1"},"canonical":"https:\/\/avesdeamarante.officinanoctua.pt\/en\/peneda-geres\/","og_locale":"en_GB","og_type":"article","og_title":"Peneda-Ger\u00eas - Aves de Amarante","og_description":"Parque Nacional da Peneda-Ger\u00eas Um parque nacional que guarda montanhas, rios, cascatas e muita biodiversidade. A rota do Parque Peneda-G\u00eares [&hellip;]","og_url":"https:\/\/avesdeamarante.officinanoctua.pt\/en\/peneda-geres\/","og_site_name":"Aves de Amarante","article_modified_time":"2025-10-25T14:36:45+00:00","og_image":[{"width":78,"height":100,"url":"https:\/\/avesdeamarante.officinanoctua.pt\/wp-content\/uploads\/2020\/04\/Ativo-3.png","type":"image\/png"}],"twitter_card":"summary_large_image","twitter_misc":{"Estimated reading time":"2 minutes"},"schema":{"@context":"https:\/\/schema.org","@graph":[{"@type":"WebPage","@id":"https:\/\/avesdeamarante.officinanoctua.pt\/peneda-geres\/","url":"https:\/\/avesdeamarante.officinanoctua.pt\/peneda-geres\/","name":"Peneda-Ger\u00eas - Aves de Amarante","isPartOf":{"@id":"https:\/\/avesdeamarante.officinanoctua.pt\/#website"},"primaryImageOfPage":{"@id":"https:\/\/avesdeamarante.officinanoctua.pt\/peneda-geres\/#primaryimage"},"image":{"@id":"https:\/\/avesdeamarante.officinanoctua.pt\/peneda-geres\/#primaryimage"},"thumbnailUrl":"https:\/\/avesdeamarante.officinanoctua.pt\/wp-content\/uploads\/2020\/04\/Ativo-3.png","datePublished":"2020-05-02T20:57:01+00:00","dateModified":"2025-10-25T14:36:45+00:00","breadcrumb":{"@id":"https:\/\/avesdeamarante.officinanoctua.pt\/peneda-geres\/#breadcrumb"},"inLanguage":"en-GB","potentialAction":[{"@type":"ReadAction","target":["https:\/\/avesdeamarante.officinanoctua.pt\/peneda-geres\/"]}]},{"@type":"ImageObject","inLanguage":"en-GB","@id":"https:\/\/avesdeamarante.officinanoctua.pt\/peneda-geres\/#primaryimage","url":"https:\/\/avesdeamarante.officinanoctua.pt\/wp-content\/uploads\/2020\/04\/Ativo-3.png","contentUrl":"https:\/\/avesdeamarante.officinanoctua.pt\/wp-content\/uploads\/2020\/04\/Ativo-3.png"},{"@type":"BreadcrumbList","@id":"https:\/\/avesdeamarante.officinanoctua.pt\/peneda-geres\/#breadcrumb","itemListElement":[{"@type":"ListItem","position":1,"name":"In\u00edcio","item":"https:\/\/avesdeamarante.officinanoctua.pt\/"},{"@type":"ListItem","position":2,"name":"Peneda-Ger\u00eas"}]},{"@type":"WebSite","@id":"https:\/\/avesdeamarante.officinanoctua.pt\/#website","url":"https:\/\/avesdeamarante.officinanoctua.pt\/","name":"Aves de Amarante","description":"Birdwatching em Amarante e Portugal Norte","publisher":{"@id":"https:\/\/avesdeamarante.officinanoctua.pt\/#organization"},"potentialAction":[{"@type":"SearchAction","target":{"@type":"EntryPoint","urlTemplate":"https:\/\/avesdeamarante.officinanoctua.pt\/?s={search_term_string}"},"query-input":{"@type":"PropertyValueSpecification","valueRequired":true,"valueName":"search_term_string"}}],"inLanguage":"en-GB"},{"@type":"Organization","@id":"https:\/\/avesdeamarante.officinanoctua.pt\/#organization","name":"Aves de Amarante","url":"https:\/\/avesdeamarante.officinanoctua.pt\/","logo":{"@type":"ImageObject","inLanguage":"en-GB","@id":"https:\/\/avesdeamarante.officinanoctua.pt\/#\/schema\/logo\/image\/","url":"https:\/\/avesdeamarante.officinanoctua.pt\/wp-content\/uploads\/2020\/04\/Ativo-1.png","contentUrl":"https:\/\/avesdeamarante.officinanoctua.pt\/wp-content\/uploads\/2020\/04\/Ativo-1.png","width":193,"height":59,"caption":"Aves de Amarante"},"image":{"@id":"https:\/\/avesdeamarante.officinanoctua.pt\/#\/schema\/logo\/image\/"}}]}},"_links":{"self":[{"href":"https:\/\/avesdeamarante.officinanoctua.pt\/en\/wp-json\/wp\/v2\/pages\/770","targetHints":{"allow":["GET"]}}],"collection":[{"href":"https:\/\/avesdeamarante.officinanoctua.pt\/en\/wp-json\/wp\/v2\/pages"}],"about":[{"href":"https:\/\/avesdeamarante.officinanoctua.pt\/en\/wp-json\/wp\/v2\/types\/page"}],"author":[{"embeddable":true,"href":"https:\/\/avesdeamarante.officinanoctua.pt\/en\/wp-json\/wp\/v2\/users\/2"}],"replies":[{"embeddable":true,"href":"https:\/\/avesdeamarante.officinanoctua.pt\/en\/wp-json\/wp\/v2\/comments?post=770"}],"version-history":[{"count":0,"href":"https:\/\/avesdeamarante.officinanoctua.pt\/en\/wp-json\/wp\/v2\/pages\/770\/revisions"}],"wp:attachment":[{"href":"https:\/\/avesdeamarante.officinanoctua.pt\/en\/wp-json\/wp\/v2\/media?parent=770"}],"curies":[{"name":"wp","href":"https:\/\/api.w.org\/{rel}","templated":true}]}}