{"id":743,"date":"2020-05-02T20:43:43","date_gmt":"2020-05-02T20:43:43","guid":{"rendered":"https:\/\/avesdeamarante.officinanoctua.pt\/?page_id=743"},"modified":"2025-10-25T14:29:23","modified_gmt":"2025-10-25T14:29:23","slug":"litoral-norte","status":"publish","type":"page","link":"https:\/\/avesdeamarante.officinanoctua.pt\/en\/litoral-norte\/","title":{"rendered":"North Coast"},"content":{"rendered":"<div data-elementor-type=\"wp-page\" data-elementor-id=\"743\" class=\"elementor elementor-743\">\n\t\t\t\t\t\t<section class=\"elementor-section elementor-top-section elementor-element elementor-element-65a5ee4 elementor-section-stretched elementor-section-full_width elementor-section-height-min-height elementor-section-height-default elementor-section-items-middle\" data-id=\"65a5ee4\" data-element_type=\"section\" data-settings=\"{&quot;stretch_section&quot;:&quot;section-stretched&quot;,&quot;background_background&quot;:&quot;slideshow&quot;,&quot;background_slideshow_gallery&quot;:[{&quot;id&quot;:746,&quot;url&quot;:&quot;https:\\\/\\\/avesdeamarante.officinanoctua.pt\\\/wp-content\\\/uploads\\\/2020\\\/05\\\/IMG_0183_a.jpg&quot;},{&quot;id&quot;:833,&quot;url&quot;:&quot;https:\\\/\\\/avesdeamarante.officinanoctua.pt\\\/wp-content\\\/uploads\\\/2020\\\/05\\\/pilritoPraias.jpg&quot;},{&quot;id&quot;:748,&quot;url&quot;:&quot;https:\\\/\\\/avesdeamarante.officinanoctua.pt\\\/wp-content\\\/uploads\\\/2020\\\/05\\\/IMG_0175.jpg&quot;},{&quot;id&quot;:753,&quot;url&quot;:&quot;https:\\\/\\\/avesdeamarante.officinanoctua.pt\\\/wp-content\\\/uploads\\\/2020\\\/05\\\/galeirao.jpg&quot;},{&quot;id&quot;:747,&quot;url&quot;:&quot;https:\\\/\\\/avesdeamarante.officinanoctua.pt\\\/wp-content\\\/uploads\\\/2020\\\/05\\\/P1360376.jpg&quot;}],&quot;background_slideshow_loop&quot;:&quot;yes&quot;,&quot;background_slideshow_slide_duration&quot;:5000,&quot;background_slideshow_slide_transition&quot;:&quot;fade&quot;,&quot;background_slideshow_transition_duration&quot;:500}\">\n\t\t\t\t\t\t<div class=\"elementor-container elementor-column-gap-no\">\n\t\t\t\t\t<div class=\"elementor-column elementor-col-100 elementor-top-column elementor-element elementor-element-711e401\" data-id=\"711e401\" data-element_type=\"column\">\n\t\t\t<div class=\"elementor-widget-wrap\">\n\t\t\t\t\t\t\t<\/div>\n\t\t<\/div>\n\t\t\t\t\t<\/div>\n\t\t<\/section>\n\t\t\t\t<section class=\"elementor-section elementor-top-section elementor-element elementor-element-107946e elementor-section-stretched elementor-section-full_width elementor-section-height-default elementor-section-height-default\" data-id=\"107946e\" data-element_type=\"section\" data-settings=\"{&quot;stretch_section&quot;:&quot;section-stretched&quot;}\">\n\t\t\t\t\t\t<div class=\"elementor-container elementor-column-gap-no\">\n\t\t\t\t\t<div class=\"elementor-column elementor-col-25 elementor-top-column elementor-element elementor-element-f76a3c0\" data-id=\"f76a3c0\" data-element_type=\"column\">\n\t\t\t<div class=\"elementor-widget-wrap\">\n\t\t\t\t\t\t\t<\/div>\n\t\t<\/div>\n\t\t\t\t<div class=\"elementor-column elementor-col-50 elementor-top-column elementor-element elementor-element-f5f10e2\" data-id=\"f5f10e2\" data-element_type=\"column\">\n\t\t\t<div class=\"elementor-widget-wrap elementor-element-populated\">\n\t\t\t\t\t\t<div class=\"elementor-element elementor-element-7f2c14f elementor-widget elementor-widget-heading\" data-id=\"7f2c14f\" data-element_type=\"widget\" data-widget_type=\"heading.default\">\n\t\t\t\t<div class=\"elementor-widget-container\">\n\t\t\t\t\t<h2 class=\"elementor-heading-title elementor-size-default\">North Coast<\/h2>\t\t\t\t<\/div>\n\t\t\t\t<\/div>\n\t\t\t\t<div class=\"elementor-element elementor-element-8575161 elementor-widget elementor-widget-spacer\" data-id=\"8575161\" data-element_type=\"widget\" data-widget_type=\"spacer.default\">\n\t\t\t\t<div class=\"elementor-widget-container\">\n\t\t\t\t\t\t\t<div class=\"elementor-spacer\">\n\t\t\t<div class=\"elementor-spacer-inner\"><\/div>\n\t\t<\/div>\n\t\t\t\t\t\t<\/div>\n\t\t\t\t<\/div>\n\t\t\t\t<div class=\"elementor-element elementor-element-5a7e494 elementor-widget elementor-widget-text-editor\" data-id=\"5a7e494\" data-element_type=\"widget\" data-widget_type=\"text-editor.default\">\n\t\t\t\t<div class=\"elementor-widget-container\">\n\t\t\t\t\t\t\t\t\t<p class=\"western\">The best wetlands in the North region. On the north coast route we will be able to visit one of the three places: Caminha; Esposende or Barrinha de Esmoriz. The longer route which visits all three locations is also an option, to make the most of your experience.<\/p><p class=\"western\">The first two sites are estuaries of the rivers Minho and C\u00e1vado. Here we will find a great wealth of waders, seabirds and birds of prey.<\/p><p class=\"western\">Further south, the Barrinha de Esmoriz, a brackish water lagoon, that extends down to the sea, allowing for the occurrence of more than 200 species. Tr\u00e1s-os-Montes and Alto-Douro region.<\/p><p class=\"western\"><b>Species:<\/b><\/p><p class=\"western\"><b>Resident<\/b>: Spoonbill, Starling, Shag, Kentish Plover, Peregrine, Cetti's Warbler, Hoopoe, Hobby, Iberian Grey Shrike, Cattle Egret, Zitting Cisticola, Cirl Bunting, Crag Martin, Night Heron.<\/p><p class=\"western\"><b>Breeding:<\/b> Red-rumped Swallow, Pallid Swift, Honey Buzzard, Iberian Chiffchaff, Melodious Warbler, Wryneck, Black-winged Stilt, Purple Heron, Golden Oriole.<\/p><p class=\"western\"><b>Wintering:<\/b> Osprey, Common Whimbrel, Common Greenshank, Oystercatcher, Ring-billed Gull, Great Black-backed Gull, Black-tailed Godwit, Curlew Sandpiper, Glossy Ibis, Common Loon, Grey Plover, Red Knot, Bar-tailed Godwit, Merlin.<\/p><p class=\"western\"><b>Best time to visit<\/b>: greater number of birds in winter, despite this, there is a range of interesting species to visit throughout the year.<\/p><p>To book or get more information, please\u00a0<span style=\"color: #2b3014;\"><strong><a style=\"color: #2b3014;\" href=\"https:\/\/avesdeamarante.officinanoctua.pt\/en\/contactos\/\" target=\"_blank\" rel=\"noopener\">contact us.<\/a><\/strong><\/span><\/p>\t\t\t\t\t\t\t\t<\/div>\n\t\t\t\t<\/div>\n\t\t\t\t\t<\/div>\n\t\t<\/div>\n\t\t\t\t<div class=\"elementor-column elementor-col-25 elementor-top-column elementor-element elementor-element-22a435f\" data-id=\"22a435f\" data-element_type=\"column\">\n\t\t\t<div class=\"elementor-widget-wrap\">\n\t\t\t\t\t\t\t<\/div>\n\t\t<\/div>\n\t\t\t\t\t<\/div>\n\t\t<\/section>\n\t\t\t\t<footer class=\"elementor-section elementor-top-section elementor-element elementor-element-77165f6 elementor-section-stretched elementor-section-full_width elementor-section-height-default elementor-section-height-default\" data-id=\"77165f6\" data-element_type=\"section\" data-settings=\"{&quot;stretch_section&quot;:&quot;section-stretched&quot;,&quot;background_background&quot;:&quot;classic&quot;}\">\n\t\t\t\t\t\t<div class=\"elementor-container elementor-column-gap-default\">\n\t\t\t\t\t<div class=\"elementor-column elementor-col-25 elementor-top-column elementor-element elementor-element-5eee479\" data-id=\"5eee479\" data-element_type=\"column\">\n\t\t\t<div class=\"elementor-widget-wrap elementor-element-populated\">\n\t\t\t\t\t\t<div class=\"elementor-element elementor-element-6a0b848 elementor-widget elementor-widget-image\" data-id=\"6a0b848\" data-element_type=\"widget\" data-widget_type=\"image.default\">\n\t\t\t\t<div class=\"elementor-widget-container\">\n\t\t\t\t\t\t\t\t\t\t\t\t\t\t\t<img decoding=\"async\" width=\"78\" height=\"100\" src=\"https:\/\/avesdeamarante.officinanoctua.pt\/wp-content\/uploads\/2020\/04\/Ativo-3.png\" class=\"attachment-large size-large wp-image-201\" alt=\"\" \/>\t\t\t\t\t\t\t\t\t\t\t\t\t\t\t<\/div>\n\t\t\t\t<\/div>\n\t\t\t\t\t<\/div>\n\t\t<\/div>\n\t\t\t\t<div class=\"elementor-column elementor-col-50 elementor-top-column elementor-element elementor-element-2972903\" data-id=\"2972903\" data-element_type=\"column\">\n\t\t\t<div class=\"elementor-widget-wrap elementor-element-populated\">\n\t\t\t\t\t\t<div class=\"elementor-element elementor-element-6d23a45 elementor-widget elementor-widget-spacer\" data-id=\"6d23a45\" data-element_type=\"widget\" data-widget_type=\"spacer.default\">\n\t\t\t\t<div class=\"elementor-widget-container\">\n\t\t\t\t\t\t\t<div class=\"elementor-spacer\">\n\t\t\t<div class=\"elementor-spacer-inner\"><\/div>\n\t\t<\/div>\n\t\t\t\t\t\t<\/div>\n\t\t\t\t<\/div>\n\t\t\t\t<div class=\"elementor-element elementor-element-a903afd elementor-widget elementor-widget-text-editor\" data-id=\"a903afd\" data-element_type=\"widget\" data-widget_type=\"text-editor.default\">\n\t\t\t\t<div class=\"elementor-widget-container\">\n\t\t\t\t\t\t\t\t\t<p><strong>Officina Noctua<\/strong><br \/>Rua Miguel Bombarda n\u00ba10 4600-089 Amarante<br \/>(351) 255432097 * :: officina.noctua@gmail.com<br \/>*<em>chamada para rede fixa nacional<\/em><\/p>\t\t\t\t\t\t\t\t<\/div>\n\t\t\t\t<\/div>\n\t\t\t\t<div class=\"elementor-element elementor-element-07175b8 elementor-shape-rounded elementor-grid-0 e-grid-align-center elementor-widget elementor-widget-social-icons\" data-id=\"07175b8\" data-element_type=\"widget\" data-widget_type=\"social-icons.default\">\n\t\t\t\t<div class=\"elementor-widget-container\">\n\t\t\t\t\t\t\t<div class=\"elementor-social-icons-wrapper elementor-grid\" role=\"list\">\n\t\t\t\t\t\t\t<span class=\"elementor-grid-item\" role=\"listitem\">\n\t\t\t\t\t<a class=\"elementor-icon elementor-social-icon elementor-social-icon-facebook elementor-repeater-item-ef5cf57\" href=\"https:\/\/www.facebook.com\/groups\/aves.de.amarante\/\" target=\"_blank\">\n\t\t\t\t\t\t<span class=\"elementor-screen-only\">Facebook<\/span>\n\t\t\t\t\t\t<i class=\"fab fa-facebook\"><\/i>\t\t\t\t\t<\/a>\n\t\t\t\t<\/span>\n\t\t\t\t\t\t\t<span class=\"elementor-grid-item\" role=\"listitem\">\n\t\t\t\t\t<a class=\"elementor-icon elementor-social-icon elementor-social-icon-instagram elementor-repeater-item-e72f8f1\" href=\"https:\/\/www.instagram.com\/aves.de.amarante\/\" target=\"_blank\">\n\t\t\t\t\t\t<span class=\"elementor-screen-only\">Instagram<\/span>\n\t\t\t\t\t\t<i class=\"fab fa-instagram\"><\/i>\t\t\t\t\t<\/a>\n\t\t\t\t<\/span>\n\t\t\t\t\t<\/div>\n\t\t\t\t\t\t<\/div>\n\t\t\t\t<\/div>\n\t\t\t\t<div class=\"elementor-element elementor-element-8c4b164 elementor-widget elementor-widget-spacer\" data-id=\"8c4b164\" data-element_type=\"widget\" data-widget_type=\"spacer.default\">\n\t\t\t\t<div class=\"elementor-widget-container\">\n\t\t\t\t\t\t\t<div class=\"elementor-spacer\">\n\t\t\t<div class=\"elementor-spacer-inner\"><\/div>\n\t\t<\/div>\n\t\t\t\t\t\t<\/div>\n\t\t\t\t<\/div>\n\t\t\t\t<div class=\"elementor-element elementor-element-a4fcbe5 elementor-widget elementor-widget-text-editor\" data-id=\"a4fcbe5\" data-element_type=\"widget\" data-widget_type=\"text-editor.default\">\n\t\t\t\t<div class=\"elementor-widget-container\">\n\t\t\t\t\t\t\t\t\t<p>Officina Noctua \u00a9 MMXXV<br \/>All rights reserved<\/p>\t\t\t\t\t\t\t\t<\/div>\n\t\t\t\t<\/div>\n\t\t\t\t\t<\/div>\n\t\t<\/div>\n\t\t\t\t<div class=\"elementor-column elementor-col-25 elementor-top-column elementor-element elementor-element-5b9cf2e\" data-id=\"5b9cf2e\" data-element_type=\"column\">\n\t\t\t<div class=\"elementor-widget-wrap elementor-element-populated\">\n\t\t\t\t\t\t<div class=\"elementor-element elementor-element-ec3e122 elementor-widget elementor-widget-image\" data-id=\"ec3e122\" data-element_type=\"widget\" data-widget_type=\"image.default\">\n\t\t\t\t<div class=\"elementor-widget-container\">\n\t\t\t\t\t\t\t\t\t\t\t\t\t\t\t<img decoding=\"async\" width=\"94\" height=\"100\" src=\"https:\/\/avesdeamarante.officinanoctua.pt\/wp-content\/uploads\/2020\/04\/logo-Turismo-de-Natureza-ICNB-verde.png\" class=\"attachment-large size-large wp-image-202\" alt=\"\" \/>\t\t\t\t\t\t\t\t\t\t\t\t\t\t\t<\/div>\n\t\t\t\t<\/div>\n\t\t\t\t<div class=\"elementor-element elementor-element-8c829c7 elementor-widget elementor-widget-text-editor\" data-id=\"8c829c7\" data-element_type=\"widget\" data-widget_type=\"text-editor.default\">\n\t\t\t\t<div class=\"elementor-widget-container\">\n\t\t\t\t\t\t\t\t\t<p style=\"text-align: center;\">RNAAT: 1023\/2019<\/p>\t\t\t\t\t\t\t\t<\/div>\n\t\t\t\t<\/div>\n\t\t\t\t\t<\/div>\n\t\t<\/div>\n\t\t\t\t\t<\/div>\n\t\t<\/footer>\n\t\t\t\t<\/div>","protected":false},"excerpt":{"rendered":"<p>Litoral Norte As melhores zonas h\u00famidas da regi\u00e3o Norte. Na rota litoral Norte vamos poder visitar um dos tr\u00eas locais: [&hellip;]<\/p>","protected":false},"author":2,"featured_media":0,"parent":0,"menu_order":0,"comment_status":"closed","ping_status":"closed","template":"elementor_header_footer","meta":{"iawp_total_views":3,"footnotes":""},"class_list":["post-743","page","type-page","status-publish","hentry"],"yoast_head":"<!-- This site is optimized with the Yoast SEO plugin v25.6 - https:\/\/yoast.com\/wordpress\/plugins\/seo\/ -->\n<title>Litoral Norte - Aves de Amarante<\/title>\n<meta name=\"robots\" content=\"index, follow, max-snippet:-1, max-image-preview:large, max-video-preview:-1\" \/>\n<link rel=\"canonical\" href=\"https:\/\/avesdeamarante.officinanoctua.pt\/en\/litoral-norte\/\" \/>\n<meta property=\"og:locale\" content=\"en_GB\" \/>\n<meta property=\"og:type\" content=\"article\" \/>\n<meta property=\"og:title\" content=\"Litoral Norte - Aves de Amarante\" \/>\n<meta property=\"og:description\" content=\"Litoral Norte As melhores zonas h\u00famidas da regi\u00e3o Norte. Na rota litoral Norte vamos poder visitar um dos tr\u00eas locais: [&hellip;]\" \/>\n<meta property=\"og:url\" content=\"https:\/\/avesdeamarante.officinanoctua.pt\/en\/litoral-norte\/\" \/>\n<meta property=\"og:site_name\" content=\"Aves de Amarante\" \/>\n<meta property=\"article:modified_time\" content=\"2025-10-25T14:29:23+00:00\" \/>\n<meta property=\"og:image\" content=\"https:\/\/avesdeamarante.officinanoctua.pt\/wp-content\/uploads\/2020\/04\/Ativo-3.png\" \/>\n\t<meta property=\"og:image:width\" content=\"78\" \/>\n\t<meta property=\"og:image:height\" content=\"100\" \/>\n\t<meta property=\"og:image:type\" content=\"image\/png\" \/>\n<meta name=\"twitter:card\" content=\"summary_large_image\" \/>\n<meta name=\"twitter:label1\" content=\"Estimated reading time\" \/>\n\t<meta name=\"twitter:data1\" content=\"2 minutes\" \/>\n<script type=\"application\/ld+json\" class=\"yoast-schema-graph\">{\"@context\":\"https:\/\/schema.org\",\"@graph\":[{\"@type\":\"WebPage\",\"@id\":\"https:\/\/avesdeamarante.officinanoctua.pt\/litoral-norte\/\",\"url\":\"https:\/\/avesdeamarante.officinanoctua.pt\/litoral-norte\/\",\"name\":\"Litoral Norte - Aves de Amarante\",\"isPartOf\":{\"@id\":\"https:\/\/avesdeamarante.officinanoctua.pt\/#website\"},\"primaryImageOfPage\":{\"@id\":\"https:\/\/avesdeamarante.officinanoctua.pt\/litoral-norte\/#primaryimage\"},\"image\":{\"@id\":\"https:\/\/avesdeamarante.officinanoctua.pt\/litoral-norte\/#primaryimage\"},\"thumbnailUrl\":\"https:\/\/avesdeamarante.officinanoctua.pt\/wp-content\/uploads\/2020\/04\/Ativo-3.png\",\"datePublished\":\"2020-05-02T20:43:43+00:00\",\"dateModified\":\"2025-10-25T14:29:23+00:00\",\"breadcrumb\":{\"@id\":\"https:\/\/avesdeamarante.officinanoctua.pt\/litoral-norte\/#breadcrumb\"},\"inLanguage\":\"en-GB\",\"potentialAction\":[{\"@type\":\"ReadAction\",\"target\":[\"https:\/\/avesdeamarante.officinanoctua.pt\/litoral-norte\/\"]}]},{\"@type\":\"ImageObject\",\"inLanguage\":\"en-GB\",\"@id\":\"https:\/\/avesdeamarante.officinanoctua.pt\/litoral-norte\/#primaryimage\",\"url\":\"https:\/\/avesdeamarante.officinanoctua.pt\/wp-content\/uploads\/2020\/04\/Ativo-3.png\",\"contentUrl\":\"https:\/\/avesdeamarante.officinanoctua.pt\/wp-content\/uploads\/2020\/04\/Ativo-3.png\"},{\"@type\":\"BreadcrumbList\",\"@id\":\"https:\/\/avesdeamarante.officinanoctua.pt\/litoral-norte\/#breadcrumb\",\"itemListElement\":[{\"@type\":\"ListItem\",\"position\":1,\"name\":\"In\u00edcio\",\"item\":\"https:\/\/avesdeamarante.officinanoctua.pt\/\"},{\"@type\":\"ListItem\",\"position\":2,\"name\":\"Litoral Norte\"}]},{\"@type\":\"WebSite\",\"@id\":\"https:\/\/avesdeamarante.officinanoctua.pt\/#website\",\"url\":\"https:\/\/avesdeamarante.officinanoctua.pt\/\",\"name\":\"Aves de Amarante\",\"description\":\"Birdwatching em Amarante e Portugal Norte\",\"publisher\":{\"@id\":\"https:\/\/avesdeamarante.officinanoctua.pt\/#organization\"},\"potentialAction\":[{\"@type\":\"SearchAction\",\"target\":{\"@type\":\"EntryPoint\",\"urlTemplate\":\"https:\/\/avesdeamarante.officinanoctua.pt\/?s={search_term_string}\"},\"query-input\":{\"@type\":\"PropertyValueSpecification\",\"valueRequired\":true,\"valueName\":\"search_term_string\"}}],\"inLanguage\":\"en-GB\"},{\"@type\":\"Organization\",\"@id\":\"https:\/\/avesdeamarante.officinanoctua.pt\/#organization\",\"name\":\"Aves de Amarante\",\"url\":\"https:\/\/avesdeamarante.officinanoctua.pt\/\",\"logo\":{\"@type\":\"ImageObject\",\"inLanguage\":\"en-GB\",\"@id\":\"https:\/\/avesdeamarante.officinanoctua.pt\/#\/schema\/logo\/image\/\",\"url\":\"https:\/\/avesdeamarante.officinanoctua.pt\/wp-content\/uploads\/2020\/04\/Ativo-1.png\",\"contentUrl\":\"https:\/\/avesdeamarante.officinanoctua.pt\/wp-content\/uploads\/2020\/04\/Ativo-1.png\",\"width\":193,\"height\":59,\"caption\":\"Aves de Amarante\"},\"image\":{\"@id\":\"https:\/\/avesdeamarante.officinanoctua.pt\/#\/schema\/logo\/image\/\"}}]}<\/script>\n<!-- \/ Yoast SEO plugin. -->","yoast_head_json":{"title":"Litoral Norte - Aves de Amarante","robots":{"index":"index","follow":"follow","max-snippet":"max-snippet:-1","max-image-preview":"max-image-preview:large","max-video-preview":"max-video-preview:-1"},"canonical":"https:\/\/avesdeamarante.officinanoctua.pt\/en\/litoral-norte\/","og_locale":"en_GB","og_type":"article","og_title":"Litoral Norte - Aves de Amarante","og_description":"Litoral Norte As melhores zonas h\u00famidas da regi\u00e3o Norte. Na rota litoral Norte vamos poder visitar um dos tr\u00eas locais: [&hellip;]","og_url":"https:\/\/avesdeamarante.officinanoctua.pt\/en\/litoral-norte\/","og_site_name":"Aves de Amarante","article_modified_time":"2025-10-25T14:29:23+00:00","og_image":[{"width":78,"height":100,"url":"https:\/\/avesdeamarante.officinanoctua.pt\/wp-content\/uploads\/2020\/04\/Ativo-3.png","type":"image\/png"}],"twitter_card":"summary_large_image","twitter_misc":{"Estimated reading time":"2 minutes"},"schema":{"@context":"https:\/\/schema.org","@graph":[{"@type":"WebPage","@id":"https:\/\/avesdeamarante.officinanoctua.pt\/litoral-norte\/","url":"https:\/\/avesdeamarante.officinanoctua.pt\/litoral-norte\/","name":"Litoral Norte - Aves de Amarante","isPartOf":{"@id":"https:\/\/avesdeamarante.officinanoctua.pt\/#website"},"primaryImageOfPage":{"@id":"https:\/\/avesdeamarante.officinanoctua.pt\/litoral-norte\/#primaryimage"},"image":{"@id":"https:\/\/avesdeamarante.officinanoctua.pt\/litoral-norte\/#primaryimage"},"thumbnailUrl":"https:\/\/avesdeamarante.officinanoctua.pt\/wp-content\/uploads\/2020\/04\/Ativo-3.png","datePublished":"2020-05-02T20:43:43+00:00","dateModified":"2025-10-25T14:29:23+00:00","breadcrumb":{"@id":"https:\/\/avesdeamarante.officinanoctua.pt\/litoral-norte\/#breadcrumb"},"inLanguage":"en-GB","potentialAction":[{"@type":"ReadAction","target":["https:\/\/avesdeamarante.officinanoctua.pt\/litoral-norte\/"]}]},{"@type":"ImageObject","inLanguage":"en-GB","@id":"https:\/\/avesdeamarante.officinanoctua.pt\/litoral-norte\/#primaryimage","url":"https:\/\/avesdeamarante.officinanoctua.pt\/wp-content\/uploads\/2020\/04\/Ativo-3.png","contentUrl":"https:\/\/avesdeamarante.officinanoctua.pt\/wp-content\/uploads\/2020\/04\/Ativo-3.png"},{"@type":"BreadcrumbList","@id":"https:\/\/avesdeamarante.officinanoctua.pt\/litoral-norte\/#breadcrumb","itemListElement":[{"@type":"ListItem","position":1,"name":"In\u00edcio","item":"https:\/\/avesdeamarante.officinanoctua.pt\/"},{"@type":"ListItem","position":2,"name":"Litoral Norte"}]},{"@type":"WebSite","@id":"https:\/\/avesdeamarante.officinanoctua.pt\/#website","url":"https:\/\/avesdeamarante.officinanoctua.pt\/","name":"Aves de Amarante","description":"Birdwatching em Amarante e Portugal Norte","publisher":{"@id":"https:\/\/avesdeamarante.officinanoctua.pt\/#organization"},"potentialAction":[{"@type":"SearchAction","target":{"@type":"EntryPoint","urlTemplate":"https:\/\/avesdeamarante.officinanoctua.pt\/?s={search_term_string}"},"query-input":{"@type":"PropertyValueSpecification","valueRequired":true,"valueName":"search_term_string"}}],"inLanguage":"en-GB"},{"@type":"Organization","@id":"https:\/\/avesdeamarante.officinanoctua.pt\/#organization","name":"Aves de Amarante","url":"https:\/\/avesdeamarante.officinanoctua.pt\/","logo":{"@type":"ImageObject","inLanguage":"en-GB","@id":"https:\/\/avesdeamarante.officinanoctua.pt\/#\/schema\/logo\/image\/","url":"https:\/\/avesdeamarante.officinanoctua.pt\/wp-content\/uploads\/2020\/04\/Ativo-1.png","contentUrl":"https:\/\/avesdeamarante.officinanoctua.pt\/wp-content\/uploads\/2020\/04\/Ativo-1.png","width":193,"height":59,"caption":"Aves de Amarante"},"image":{"@id":"https:\/\/avesdeamarante.officinanoctua.pt\/#\/schema\/logo\/image\/"}}]}},"_links":{"self":[{"href":"https:\/\/avesdeamarante.officinanoctua.pt\/en\/wp-json\/wp\/v2\/pages\/743","targetHints":{"allow":["GET"]}}],"collection":[{"href":"https:\/\/avesdeamarante.officinanoctua.pt\/en\/wp-json\/wp\/v2\/pages"}],"about":[{"href":"https:\/\/avesdeamarante.officinanoctua.pt\/en\/wp-json\/wp\/v2\/types\/page"}],"author":[{"embeddable":true,"href":"https:\/\/avesdeamarante.officinanoctua.pt\/en\/wp-json\/wp\/v2\/users\/2"}],"replies":[{"embeddable":true,"href":"https:\/\/avesdeamarante.officinanoctua.pt\/en\/wp-json\/wp\/v2\/comments?post=743"}],"version-history":[{"count":0,"href":"https:\/\/avesdeamarante.officinanoctua.pt\/en\/wp-json\/wp\/v2\/pages\/743\/revisions"}],"wp:attachment":[{"href":"https:\/\/avesdeamarante.officinanoctua.pt\/en\/wp-json\/wp\/v2\/media?parent=743"}],"curies":[{"name":"wp","href":"https:\/\/api.w.org\/{rel}","templated":true}]}}