{"id":612,"date":"2020-05-02T11:56:02","date_gmt":"2020-05-02T11:56:02","guid":{"rendered":"https:\/\/avesdeamarante.officinanoctua.pt\/?page_id=612"},"modified":"2025-10-25T14:38:47","modified_gmt":"2025-10-25T14:38:47","slug":"serra-do-marao","status":"publish","type":"page","link":"https:\/\/avesdeamarante.officinanoctua.pt\/en\/serra-do-marao\/","title":{"rendered":"Mar\u00e3o"},"content":{"rendered":"<div data-elementor-type=\"wp-page\" data-elementor-id=\"612\" class=\"elementor elementor-612\">\n\t\t\t\t\t\t<section class=\"elementor-section elementor-top-section elementor-element elementor-element-cd2efd6 elementor-section-stretched elementor-section-full_width elementor-section-height-min-height elementor-section-height-default elementor-section-items-middle\" data-id=\"cd2efd6\" data-element_type=\"section\" data-settings=\"{&quot;stretch_section&quot;:&quot;section-stretched&quot;,&quot;background_background&quot;:&quot;slideshow&quot;,&quot;background_slideshow_gallery&quot;:[{&quot;id&quot;:617,&quot;url&quot;:&quot;https:\\\/\\\/avesdeamarante.officinanoctua.pt\\\/wp-content\\\/uploads\\\/2020\\\/05\\\/IMG_3122.jpg&quot;},{&quot;id&quot;:623,&quot;url&quot;:&quot;https:\\\/\\\/avesdeamarante.officinanoctua.pt\\\/wp-content\\\/uploads\\\/2020\\\/05\\\/Pisco.jpg&quot;},{&quot;id&quot;:618,&quot;url&quot;:&quot;https:\\\/\\\/avesdeamarante.officinanoctua.pt\\\/wp-content\\\/uploads\\\/2020\\\/05\\\/DSCN5343.jpg&quot;},{&quot;id&quot;:624,&quot;url&quot;:&quot;https:\\\/\\\/avesdeamarante.officinanoctua.pt\\\/wp-content\\\/uploads\\\/2020\\\/05\\\/pintarroxo1.jpg&quot;},{&quot;id&quot;:619,&quot;url&quot;:&quot;https:\\\/\\\/avesdeamarante.officinanoctua.pt\\\/wp-content\\\/uploads\\\/2020\\\/05\\\/P1230353.jpg&quot;}],&quot;background_slideshow_loop&quot;:&quot;yes&quot;,&quot;background_slideshow_slide_duration&quot;:5000,&quot;background_slideshow_slide_transition&quot;:&quot;fade&quot;,&quot;background_slideshow_transition_duration&quot;:500}\">\n\t\t\t\t\t\t<div class=\"elementor-container elementor-column-gap-no\">\n\t\t\t\t\t<div class=\"elementor-column elementor-col-100 elementor-top-column elementor-element elementor-element-4b2dfd0\" data-id=\"4b2dfd0\" data-element_type=\"column\" data-settings=\"{&quot;background_background&quot;:&quot;slideshow&quot;,&quot;background_slideshow_gallery&quot;:[],&quot;background_slideshow_loop&quot;:&quot;yes&quot;,&quot;background_slideshow_slide_duration&quot;:5000,&quot;background_slideshow_slide_transition&quot;:&quot;fade&quot;,&quot;background_slideshow_transition_duration&quot;:500}\">\n\t\t\t<div class=\"elementor-widget-wrap\">\n\t\t\t\t\t\t\t<\/div>\n\t\t<\/div>\n\t\t\t\t\t<\/div>\n\t\t<\/section>\n\t\t\t\t<section class=\"elementor-section elementor-top-section elementor-element elementor-element-67850d3 elementor-section-stretched elementor-section-full_width elementor-section-height-default elementor-section-height-default\" data-id=\"67850d3\" data-element_type=\"section\" data-settings=\"{&quot;stretch_section&quot;:&quot;section-stretched&quot;}\">\n\t\t\t\t\t\t<div class=\"elementor-container elementor-column-gap-no\">\n\t\t\t\t\t<div class=\"elementor-column elementor-col-25 elementor-top-column elementor-element elementor-element-ac302b1\" data-id=\"ac302b1\" data-element_type=\"column\">\n\t\t\t<div class=\"elementor-widget-wrap\">\n\t\t\t\t\t\t\t<\/div>\n\t\t<\/div>\n\t\t\t\t<div class=\"elementor-column elementor-col-50 elementor-top-column elementor-element elementor-element-85f9cc9\" data-id=\"85f9cc9\" data-element_type=\"column\">\n\t\t\t<div class=\"elementor-widget-wrap elementor-element-populated\">\n\t\t\t\t\t\t<div class=\"elementor-element elementor-element-d1e075f elementor-widget elementor-widget-heading\" data-id=\"d1e075f\" data-element_type=\"widget\" data-widget_type=\"heading.default\">\n\t\t\t\t<div class=\"elementor-widget-container\">\n\t\t\t\t\t<h2 class=\"elementor-heading-title elementor-size-default\">Mar\u00e3o<\/h2>\t\t\t\t<\/div>\n\t\t\t\t<\/div>\n\t\t\t\t<div class=\"elementor-element elementor-element-d3cb010 elementor-widget elementor-widget-spacer\" data-id=\"d3cb010\" data-element_type=\"widget\" data-widget_type=\"spacer.default\">\n\t\t\t\t<div class=\"elementor-widget-container\">\n\t\t\t\t\t\t\t<div class=\"elementor-spacer\">\n\t\t\t<div class=\"elementor-spacer-inner\"><\/div>\n\t\t<\/div>\n\t\t\t\t\t\t<\/div>\n\t\t\t\t<\/div>\n\t\t\t\t<div class=\"elementor-element elementor-element-5f6136b elementor-widget elementor-widget-text-editor\" data-id=\"5f6136b\" data-element_type=\"widget\" data-widget_type=\"text-editor.default\">\n\t\t\t\t<div class=\"elementor-widget-container\">\n\t\t\t\t\t\t\t\t\t<p>Mar\u00e3o is a place of unexpected fog where many surprises can happen. On this tour we will visit different types of mountain habitats, including the highest peaks with high cliffs facing east. These high and steep areas are a refuge and dormitory for some of the most uncommon species of the mountains.<\/p><p>The pine forests are also home to a few interesting populations of birds; however, most of the mountain area is devoid of trees and is dominated by rocks and mountain scrub. Amidst this bare landscape, with some luck, we may surprise an elusive mammal or some species of birds typical of this environment or, during winter, catch sight of some migrators that are not very common in Portugal.<\/p><p class=\"western\"><b>Species:<\/b><\/p><p class=\"western\"><strong>Resident:<\/strong> Raven, Crag Martin, Dartford Warbler, Rock Bunting, Chough, Peregrine, Sardinian Warbler.<\/p><p class=\"western\"><strong>Breeding:<\/strong> Red-rumped Swallow, Rock Thrush, Pallid Swift.<\/p><p class=\"western\"><strong>Wintering:<\/strong> Alpine Accentor, Common Crossbill.<\/p><p class=\"western\"><b>Site: <\/b>Mar\u00e3o is one of the highest mountains in mainland Portugal, 1416m at its peak. It is a very steep mountain range with several cliffs. Most of the area of the mountain is very rocky and with some shrub cover, and woodlands are scarce. Still, the forests are important, with a\npredominance of Baltic Pine.<\/p><p class=\"western\">It is located roughly in the center of the north of the country, and is one of the natural barriers that divide the region&#039;s climate between the Atlantic climate to the west (mild and humid) and the continental climate to the east (dry and more extreme). This mountain receives a good amount of annual precipitation and it regularly snows during winter.<\/p><p class=\"western\"><b>Best time to visit:<\/b> Most of the species of interest are present all year round, but it is in winter and during migrations that the biggest surprises can be found.<\/p><p>To book or get more information, please\u00a0<span style=\"color: #2b3014;\"><strong><a style=\"color: #2b3014;\" href=\"https:\/\/avesdeamarante.officinanoctua.pt\/en\/contactos\/\" target=\"_blank\" rel=\"noopener\">contact us.<\/a><\/strong><\/span><\/p>\t\t\t\t\t\t\t\t<\/div>\n\t\t\t\t<\/div>\n\t\t\t\t\t<\/div>\n\t\t<\/div>\n\t\t\t\t<div class=\"elementor-column elementor-col-25 elementor-top-column elementor-element elementor-element-79333be\" data-id=\"79333be\" data-element_type=\"column\">\n\t\t\t<div class=\"elementor-widget-wrap\">\n\t\t\t\t\t\t\t<\/div>\n\t\t<\/div>\n\t\t\t\t\t<\/div>\n\t\t<\/section>\n\t\t\t\t<footer class=\"elementor-section elementor-top-section elementor-element elementor-element-dd970d3 elementor-section-stretched elementor-section-full_width elementor-section-height-default elementor-section-height-default\" data-id=\"dd970d3\" data-element_type=\"section\" data-settings=\"{&quot;stretch_section&quot;:&quot;section-stretched&quot;,&quot;background_background&quot;:&quot;classic&quot;}\">\n\t\t\t\t\t\t<div class=\"elementor-container elementor-column-gap-default\">\n\t\t\t\t\t<div class=\"elementor-column elementor-col-25 elementor-top-column elementor-element elementor-element-35c9f6f\" data-id=\"35c9f6f\" data-element_type=\"column\">\n\t\t\t<div class=\"elementor-widget-wrap elementor-element-populated\">\n\t\t\t\t\t\t<div class=\"elementor-element elementor-element-33a071b elementor-widget elementor-widget-image\" data-id=\"33a071b\" data-element_type=\"widget\" data-widget_type=\"image.default\">\n\t\t\t\t<div class=\"elementor-widget-container\">\n\t\t\t\t\t\t\t\t\t\t\t\t\t\t\t<img decoding=\"async\" width=\"78\" height=\"100\" src=\"https:\/\/avesdeamarante.officinanoctua.pt\/wp-content\/uploads\/2020\/04\/Ativo-3.png\" class=\"attachment-large size-large wp-image-201\" alt=\"\" \/>\t\t\t\t\t\t\t\t\t\t\t\t\t\t\t<\/div>\n\t\t\t\t<\/div>\n\t\t\t\t\t<\/div>\n\t\t<\/div>\n\t\t\t\t<div class=\"elementor-column elementor-col-50 elementor-top-column elementor-element elementor-element-456a9c8\" data-id=\"456a9c8\" data-element_type=\"column\">\n\t\t\t<div class=\"elementor-widget-wrap elementor-element-populated\">\n\t\t\t\t\t\t<div class=\"elementor-element elementor-element-71ebb20 elementor-widget elementor-widget-spacer\" data-id=\"71ebb20\" data-element_type=\"widget\" data-widget_type=\"spacer.default\">\n\t\t\t\t<div class=\"elementor-widget-container\">\n\t\t\t\t\t\t\t<div class=\"elementor-spacer\">\n\t\t\t<div class=\"elementor-spacer-inner\"><\/div>\n\t\t<\/div>\n\t\t\t\t\t\t<\/div>\n\t\t\t\t<\/div>\n\t\t\t\t<div class=\"elementor-element elementor-element-b6b38b0 elementor-widget elementor-widget-text-editor\" data-id=\"b6b38b0\" data-element_type=\"widget\" data-widget_type=\"text-editor.default\">\n\t\t\t\t<div class=\"elementor-widget-container\">\n\t\t\t\t\t\t\t\t\t<p><strong>Officina Noctua<\/strong><br \/>Rua Miguel Bombarda n\u00ba10 4600-089 Amarante<br \/>(351) 255432097 * :: officina.noctua@gmail.com<br \/>*<em>chamada para rede fixa nacional<\/em><\/p>\t\t\t\t\t\t\t\t<\/div>\n\t\t\t\t<\/div>\n\t\t\t\t<div class=\"elementor-element elementor-element-8babd29 elementor-shape-rounded elementor-grid-0 e-grid-align-center elementor-widget elementor-widget-social-icons\" data-id=\"8babd29\" data-element_type=\"widget\" data-widget_type=\"social-icons.default\">\n\t\t\t\t<div class=\"elementor-widget-container\">\n\t\t\t\t\t\t\t<div class=\"elementor-social-icons-wrapper elementor-grid\" role=\"list\">\n\t\t\t\t\t\t\t<span class=\"elementor-grid-item\" role=\"listitem\">\n\t\t\t\t\t<a class=\"elementor-icon elementor-social-icon elementor-social-icon-facebook elementor-repeater-item-ef5cf57\" href=\"https:\/\/www.facebook.com\/groups\/aves.de.amarante\/\" target=\"_blank\">\n\t\t\t\t\t\t<span class=\"elementor-screen-only\">Facebook<\/span>\n\t\t\t\t\t\t<i class=\"fab fa-facebook\"><\/i>\t\t\t\t\t<\/a>\n\t\t\t\t<\/span>\n\t\t\t\t\t\t\t<span class=\"elementor-grid-item\" role=\"listitem\">\n\t\t\t\t\t<a class=\"elementor-icon elementor-social-icon elementor-social-icon-instagram elementor-repeater-item-e72f8f1\" href=\"https:\/\/www.instagram.com\/aves.de.amarante\/\" target=\"_blank\">\n\t\t\t\t\t\t<span class=\"elementor-screen-only\">Instagram<\/span>\n\t\t\t\t\t\t<i class=\"fab fa-instagram\"><\/i>\t\t\t\t\t<\/a>\n\t\t\t\t<\/span>\n\t\t\t\t\t<\/div>\n\t\t\t\t\t\t<\/div>\n\t\t\t\t<\/div>\n\t\t\t\t<div class=\"elementor-element elementor-element-0503c67 elementor-widget elementor-widget-spacer\" data-id=\"0503c67\" data-element_type=\"widget\" data-widget_type=\"spacer.default\">\n\t\t\t\t<div class=\"elementor-widget-container\">\n\t\t\t\t\t\t\t<div class=\"elementor-spacer\">\n\t\t\t<div class=\"elementor-spacer-inner\"><\/div>\n\t\t<\/div>\n\t\t\t\t\t\t<\/div>\n\t\t\t\t<\/div>\n\t\t\t\t<div class=\"elementor-element elementor-element-084e8d0 elementor-widget elementor-widget-text-editor\" data-id=\"084e8d0\" data-element_type=\"widget\" data-widget_type=\"text-editor.default\">\n\t\t\t\t<div class=\"elementor-widget-container\">\n\t\t\t\t\t\t\t\t\t<p>Officina Noctua \u00a9 MMXXV<br \/>All rights reserved<\/p>\t\t\t\t\t\t\t\t<\/div>\n\t\t\t\t<\/div>\n\t\t\t\t\t<\/div>\n\t\t<\/div>\n\t\t\t\t<div class=\"elementor-column elementor-col-25 elementor-top-column elementor-element elementor-element-e1cc35d\" data-id=\"e1cc35d\" data-element_type=\"column\">\n\t\t\t<div class=\"elementor-widget-wrap elementor-element-populated\">\n\t\t\t\t\t\t<div class=\"elementor-element elementor-element-4129e75 elementor-widget elementor-widget-image\" data-id=\"4129e75\" data-element_type=\"widget\" data-widget_type=\"image.default\">\n\t\t\t\t<div class=\"elementor-widget-container\">\n\t\t\t\t\t\t\t\t\t\t\t\t\t\t\t<img decoding=\"async\" width=\"94\" height=\"100\" src=\"https:\/\/avesdeamarante.officinanoctua.pt\/wp-content\/uploads\/2020\/04\/logo-Turismo-de-Natureza-ICNB-verde.png\" class=\"attachment-large size-large wp-image-202\" alt=\"\" \/>\t\t\t\t\t\t\t\t\t\t\t\t\t\t\t<\/div>\n\t\t\t\t<\/div>\n\t\t\t\t<div class=\"elementor-element elementor-element-450ad7c elementor-widget elementor-widget-text-editor\" data-id=\"450ad7c\" data-element_type=\"widget\" data-widget_type=\"text-editor.default\">\n\t\t\t\t<div class=\"elementor-widget-container\">\n\t\t\t\t\t\t\t\t\t<p style=\"text-align: center;\">RNAAT: 1023\/2019<\/p>\t\t\t\t\t\t\t\t<\/div>\n\t\t\t\t<\/div>\n\t\t\t\t\t<\/div>\n\t\t<\/div>\n\t\t\t\t\t<\/div>\n\t\t<\/footer>\n\t\t\t\t<\/div>","protected":false},"excerpt":{"rendered":"<p>Serra do Mar\u00e3o O Mar\u00e3o \u00e9 um local de neblinas inesperadas, onde as surpresas podem acontecer. Nesta rota vamos visitar [&hellip;]<\/p>","protected":false},"author":2,"featured_media":0,"parent":0,"menu_order":0,"comment_status":"closed","ping_status":"closed","template":"elementor_header_footer","meta":{"iawp_total_views":39,"footnotes":""},"class_list":["post-612","page","type-page","status-publish","hentry"],"yoast_head":"<!-- This site is optimized with the Yoast SEO plugin v25.6 - https:\/\/yoast.com\/wordpress\/plugins\/seo\/ -->\n<title>Serra do Mar\u00e3o - Aves de Amarante<\/title>\n<meta name=\"robots\" content=\"index, follow, max-snippet:-1, max-image-preview:large, max-video-preview:-1\" \/>\n<link rel=\"canonical\" href=\"https:\/\/avesdeamarante.officinanoctua.pt\/en\/serra-do-marao\/\" \/>\n<meta property=\"og:locale\" content=\"en_GB\" \/>\n<meta property=\"og:type\" content=\"article\" \/>\n<meta property=\"og:title\" content=\"Serra do Mar\u00e3o - Aves de Amarante\" \/>\n<meta property=\"og:description\" content=\"Serra do Mar\u00e3o O Mar\u00e3o \u00e9 um local de neblinas inesperadas, onde as surpresas podem acontecer. Nesta rota vamos visitar [&hellip;]\" \/>\n<meta property=\"og:url\" content=\"https:\/\/avesdeamarante.officinanoctua.pt\/en\/serra-do-marao\/\" \/>\n<meta property=\"og:site_name\" content=\"Aves de Amarante\" \/>\n<meta property=\"article:modified_time\" content=\"2025-10-25T14:38:47+00:00\" \/>\n<meta property=\"og:image\" content=\"https:\/\/avesdeamarante.officinanoctua.pt\/wp-content\/uploads\/2020\/04\/Ativo-3.png\" \/>\n\t<meta property=\"og:image:width\" content=\"78\" \/>\n\t<meta property=\"og:image:height\" content=\"100\" \/>\n\t<meta property=\"og:image:type\" content=\"image\/png\" \/>\n<meta name=\"twitter:card\" content=\"summary_large_image\" \/>\n<meta name=\"twitter:label1\" content=\"Estimated reading time\" \/>\n\t<meta name=\"twitter:data1\" content=\"3 minutes\" \/>\n<script type=\"application\/ld+json\" class=\"yoast-schema-graph\">{\"@context\":\"https:\/\/schema.org\",\"@graph\":[{\"@type\":\"WebPage\",\"@id\":\"https:\/\/avesdeamarante.officinanoctua.pt\/serra-do-marao\/\",\"url\":\"https:\/\/avesdeamarante.officinanoctua.pt\/serra-do-marao\/\",\"name\":\"Serra do Mar\u00e3o - Aves de Amarante\",\"isPartOf\":{\"@id\":\"https:\/\/avesdeamarante.officinanoctua.pt\/#website\"},\"primaryImageOfPage\":{\"@id\":\"https:\/\/avesdeamarante.officinanoctua.pt\/serra-do-marao\/#primaryimage\"},\"image\":{\"@id\":\"https:\/\/avesdeamarante.officinanoctua.pt\/serra-do-marao\/#primaryimage\"},\"thumbnailUrl\":\"https:\/\/avesdeamarante.officinanoctua.pt\/wp-content\/uploads\/2020\/04\/Ativo-3.png\",\"datePublished\":\"2020-05-02T11:56:02+00:00\",\"dateModified\":\"2025-10-25T14:38:47+00:00\",\"breadcrumb\":{\"@id\":\"https:\/\/avesdeamarante.officinanoctua.pt\/serra-do-marao\/#breadcrumb\"},\"inLanguage\":\"en-GB\",\"potentialAction\":[{\"@type\":\"ReadAction\",\"target\":[\"https:\/\/avesdeamarante.officinanoctua.pt\/serra-do-marao\/\"]}]},{\"@type\":\"ImageObject\",\"inLanguage\":\"en-GB\",\"@id\":\"https:\/\/avesdeamarante.officinanoctua.pt\/serra-do-marao\/#primaryimage\",\"url\":\"https:\/\/avesdeamarante.officinanoctua.pt\/wp-content\/uploads\/2020\/04\/Ativo-3.png\",\"contentUrl\":\"https:\/\/avesdeamarante.officinanoctua.pt\/wp-content\/uploads\/2020\/04\/Ativo-3.png\"},{\"@type\":\"BreadcrumbList\",\"@id\":\"https:\/\/avesdeamarante.officinanoctua.pt\/serra-do-marao\/#breadcrumb\",\"itemListElement\":[{\"@type\":\"ListItem\",\"position\":1,\"name\":\"In\u00edcio\",\"item\":\"https:\/\/avesdeamarante.officinanoctua.pt\/\"},{\"@type\":\"ListItem\",\"position\":2,\"name\":\"Serra do Mar\u00e3o\"}]},{\"@type\":\"WebSite\",\"@id\":\"https:\/\/avesdeamarante.officinanoctua.pt\/#website\",\"url\":\"https:\/\/avesdeamarante.officinanoctua.pt\/\",\"name\":\"Aves de Amarante\",\"description\":\"Birdwatching em Amarante e Portugal Norte\",\"publisher\":{\"@id\":\"https:\/\/avesdeamarante.officinanoctua.pt\/#organization\"},\"potentialAction\":[{\"@type\":\"SearchAction\",\"target\":{\"@type\":\"EntryPoint\",\"urlTemplate\":\"https:\/\/avesdeamarante.officinanoctua.pt\/?s={search_term_string}\"},\"query-input\":{\"@type\":\"PropertyValueSpecification\",\"valueRequired\":true,\"valueName\":\"search_term_string\"}}],\"inLanguage\":\"en-GB\"},{\"@type\":\"Organization\",\"@id\":\"https:\/\/avesdeamarante.officinanoctua.pt\/#organization\",\"name\":\"Aves de Amarante\",\"url\":\"https:\/\/avesdeamarante.officinanoctua.pt\/\",\"logo\":{\"@type\":\"ImageObject\",\"inLanguage\":\"en-GB\",\"@id\":\"https:\/\/avesdeamarante.officinanoctua.pt\/#\/schema\/logo\/image\/\",\"url\":\"https:\/\/avesdeamarante.officinanoctua.pt\/wp-content\/uploads\/2020\/04\/Ativo-1.png\",\"contentUrl\":\"https:\/\/avesdeamarante.officinanoctua.pt\/wp-content\/uploads\/2020\/04\/Ativo-1.png\",\"width\":193,\"height\":59,\"caption\":\"Aves de Amarante\"},\"image\":{\"@id\":\"https:\/\/avesdeamarante.officinanoctua.pt\/#\/schema\/logo\/image\/\"}}]}<\/script>\n<!-- \/ Yoast SEO plugin. -->","yoast_head_json":{"title":"Serra do Mar\u00e3o - Aves de Amarante","robots":{"index":"index","follow":"follow","max-snippet":"max-snippet:-1","max-image-preview":"max-image-preview:large","max-video-preview":"max-video-preview:-1"},"canonical":"https:\/\/avesdeamarante.officinanoctua.pt\/en\/serra-do-marao\/","og_locale":"en_GB","og_type":"article","og_title":"Serra do Mar\u00e3o - Aves de Amarante","og_description":"Serra do Mar\u00e3o O Mar\u00e3o \u00e9 um local de neblinas inesperadas, onde as surpresas podem acontecer. Nesta rota vamos visitar [&hellip;]","og_url":"https:\/\/avesdeamarante.officinanoctua.pt\/en\/serra-do-marao\/","og_site_name":"Aves de Amarante","article_modified_time":"2025-10-25T14:38:47+00:00","og_image":[{"width":78,"height":100,"url":"https:\/\/avesdeamarante.officinanoctua.pt\/wp-content\/uploads\/2020\/04\/Ativo-3.png","type":"image\/png"}],"twitter_card":"summary_large_image","twitter_misc":{"Estimated reading time":"3 minutes"},"schema":{"@context":"https:\/\/schema.org","@graph":[{"@type":"WebPage","@id":"https:\/\/avesdeamarante.officinanoctua.pt\/serra-do-marao\/","url":"https:\/\/avesdeamarante.officinanoctua.pt\/serra-do-marao\/","name":"Serra do Mar\u00e3o - Aves de Amarante","isPartOf":{"@id":"https:\/\/avesdeamarante.officinanoctua.pt\/#website"},"primaryImageOfPage":{"@id":"https:\/\/avesdeamarante.officinanoctua.pt\/serra-do-marao\/#primaryimage"},"image":{"@id":"https:\/\/avesdeamarante.officinanoctua.pt\/serra-do-marao\/#primaryimage"},"thumbnailUrl":"https:\/\/avesdeamarante.officinanoctua.pt\/wp-content\/uploads\/2020\/04\/Ativo-3.png","datePublished":"2020-05-02T11:56:02+00:00","dateModified":"2025-10-25T14:38:47+00:00","breadcrumb":{"@id":"https:\/\/avesdeamarante.officinanoctua.pt\/serra-do-marao\/#breadcrumb"},"inLanguage":"en-GB","potentialAction":[{"@type":"ReadAction","target":["https:\/\/avesdeamarante.officinanoctua.pt\/serra-do-marao\/"]}]},{"@type":"ImageObject","inLanguage":"en-GB","@id":"https:\/\/avesdeamarante.officinanoctua.pt\/serra-do-marao\/#primaryimage","url":"https:\/\/avesdeamarante.officinanoctua.pt\/wp-content\/uploads\/2020\/04\/Ativo-3.png","contentUrl":"https:\/\/avesdeamarante.officinanoctua.pt\/wp-content\/uploads\/2020\/04\/Ativo-3.png"},{"@type":"BreadcrumbList","@id":"https:\/\/avesdeamarante.officinanoctua.pt\/serra-do-marao\/#breadcrumb","itemListElement":[{"@type":"ListItem","position":1,"name":"In\u00edcio","item":"https:\/\/avesdeamarante.officinanoctua.pt\/"},{"@type":"ListItem","position":2,"name":"Serra do Mar\u00e3o"}]},{"@type":"WebSite","@id":"https:\/\/avesdeamarante.officinanoctua.pt\/#website","url":"https:\/\/avesdeamarante.officinanoctua.pt\/","name":"Aves de Amarante","description":"Birdwatching em Amarante e Portugal Norte","publisher":{"@id":"https:\/\/avesdeamarante.officinanoctua.pt\/#organization"},"potentialAction":[{"@type":"SearchAction","target":{"@type":"EntryPoint","urlTemplate":"https:\/\/avesdeamarante.officinanoctua.pt\/?s={search_term_string}"},"query-input":{"@type":"PropertyValueSpecification","valueRequired":true,"valueName":"search_term_string"}}],"inLanguage":"en-GB"},{"@type":"Organization","@id":"https:\/\/avesdeamarante.officinanoctua.pt\/#organization","name":"Aves de Amarante","url":"https:\/\/avesdeamarante.officinanoctua.pt\/","logo":{"@type":"ImageObject","inLanguage":"en-GB","@id":"https:\/\/avesdeamarante.officinanoctua.pt\/#\/schema\/logo\/image\/","url":"https:\/\/avesdeamarante.officinanoctua.pt\/wp-content\/uploads\/2020\/04\/Ativo-1.png","contentUrl":"https:\/\/avesdeamarante.officinanoctua.pt\/wp-content\/uploads\/2020\/04\/Ativo-1.png","width":193,"height":59,"caption":"Aves de Amarante"},"image":{"@id":"https:\/\/avesdeamarante.officinanoctua.pt\/#\/schema\/logo\/image\/"}}]}},"_links":{"self":[{"href":"https:\/\/avesdeamarante.officinanoctua.pt\/en\/wp-json\/wp\/v2\/pages\/612","targetHints":{"allow":["GET"]}}],"collection":[{"href":"https:\/\/avesdeamarante.officinanoctua.pt\/en\/wp-json\/wp\/v2\/pages"}],"about":[{"href":"https:\/\/avesdeamarante.officinanoctua.pt\/en\/wp-json\/wp\/v2\/types\/page"}],"author":[{"embeddable":true,"href":"https:\/\/avesdeamarante.officinanoctua.pt\/en\/wp-json\/wp\/v2\/users\/2"}],"replies":[{"embeddable":true,"href":"https:\/\/avesdeamarante.officinanoctua.pt\/en\/wp-json\/wp\/v2\/comments?post=612"}],"version-history":[{"count":0,"href":"https:\/\/avesdeamarante.officinanoctua.pt\/en\/wp-json\/wp\/v2\/pages\/612\/revisions"}],"wp:attachment":[{"href":"https:\/\/avesdeamarante.officinanoctua.pt\/en\/wp-json\/wp\/v2\/media?parent=612"}],"curies":[{"name":"wp","href":"https:\/\/api.w.org\/{rel}","templated":true}]}}