{"id":100,"date":"2020-04-27T14:05:42","date_gmt":"2020-04-27T14:05:42","guid":{"rendered":"https:\/\/avesdeamarante.officinanoctua.pt\/?page_id=100"},"modified":"2025-10-25T12:09:31","modified_gmt":"2025-10-25T12:09:31","slug":"parcerias","status":"publish","type":"page","link":"https:\/\/avesdeamarante.officinanoctua.pt\/en\/parcerias\/","title":{"rendered":"Partnerships"},"content":{"rendered":"<div data-elementor-type=\"wp-page\" data-elementor-id=\"100\" class=\"elementor elementor-100\">\n\t\t\t\t\t\t<section class=\"elementor-section elementor-top-section elementor-element elementor-element-62bfd66 elementor-section-stretched elementor-section-full_width elementor-section-height-min-height elementor-section-height-default elementor-section-items-middle\" data-id=\"62bfd66\" data-element_type=\"section\" data-settings=\"{&quot;stretch_section&quot;:&quot;section-stretched&quot;,&quot;background_background&quot;:&quot;slideshow&quot;,&quot;background_slideshow_gallery&quot;:[{&quot;id&quot;:415,&quot;url&quot;:&quot;https:\\\/\\\/avesdeamarante.officinanoctua.pt\\\/wp-content\\\/uploads\\\/2020\\\/04\\\/do-fumo.jpg&quot;},{&quot;id&quot;:459,&quot;url&quot;:&quot;https:\\\/\\\/avesdeamarante.officinanoctua.pt\\\/wp-content\\\/uploads\\\/2020\\\/04\\\/marao.jpg&quot;},{&quot;id&quot;:466,&quot;url&quot;:&quot;https:\\\/\\\/avesdeamarante.officinanoctua.pt\\\/wp-content\\\/uploads\\\/2020\\\/04\\\/melro.jpg&quot;},{&quot;id&quot;:461,&quot;url&quot;:&quot;https:\\\/\\\/avesdeamarante.officinanoctua.pt\\\/wp-content\\\/uploads\\\/2020\\\/04\\\/montemuro.jpg&quot;},{&quot;id&quot;:468,&quot;url&quot;:&quot;https:\\\/\\\/avesdeamarante.officinanoctua.pt\\\/wp-content\\\/uploads\\\/2020\\\/04\\\/sa.jpg&quot;}],&quot;background_slideshow_loop&quot;:&quot;yes&quot;,&quot;background_slideshow_slide_duration&quot;:5000,&quot;background_slideshow_slide_transition&quot;:&quot;fade&quot;,&quot;background_slideshow_transition_duration&quot;:500}\">\n\t\t\t\t\t\t<div class=\"elementor-container elementor-column-gap-no\">\n\t\t\t\t\t<div class=\"elementor-column elementor-col-100 elementor-top-column elementor-element elementor-element-b8b7c6a\" data-id=\"b8b7c6a\" data-element_type=\"column\">\n\t\t\t<div class=\"elementor-widget-wrap\">\n\t\t\t\t\t\t\t<\/div>\n\t\t<\/div>\n\t\t\t\t\t<\/div>\n\t\t<\/section>\n\t\t\t\t<section class=\"elementor-section elementor-top-section elementor-element elementor-element-08e2dd3 elementor-section-stretched elementor-section-full_width elementor-section-height-default elementor-section-height-default\" data-id=\"08e2dd3\" data-element_type=\"section\" data-settings=\"{&quot;stretch_section&quot;:&quot;section-stretched&quot;}\">\n\t\t\t\t\t\t<div class=\"elementor-container elementor-column-gap-no\">\n\t\t\t\t\t<div class=\"elementor-column elementor-col-25 elementor-top-column elementor-element elementor-element-d76d932\" data-id=\"d76d932\" data-element_type=\"column\">\n\t\t\t<div class=\"elementor-widget-wrap\">\n\t\t\t\t\t\t\t<\/div>\n\t\t<\/div>\n\t\t\t\t<div class=\"elementor-column elementor-col-50 elementor-top-column elementor-element elementor-element-188e078\" data-id=\"188e078\" data-element_type=\"column\">\n\t\t\t<div class=\"elementor-widget-wrap elementor-element-populated\">\n\t\t\t\t\t\t<div class=\"elementor-element elementor-element-359dc9f elementor-widget elementor-widget-heading\" data-id=\"359dc9f\" data-element_type=\"widget\" data-widget_type=\"heading.default\">\n\t\t\t\t<div class=\"elementor-widget-container\">\n\t\t\t\t\t<h2 class=\"elementor-heading-title elementor-size-default\">Partnerships<\/h2>\t\t\t\t<\/div>\n\t\t\t\t<\/div>\n\t\t\t\t<div class=\"elementor-element elementor-element-6564029 elementor-widget elementor-widget-spacer\" data-id=\"6564029\" data-element_type=\"widget\" data-widget_type=\"spacer.default\">\n\t\t\t\t<div class=\"elementor-widget-container\">\n\t\t\t\t\t\t\t<div class=\"elementor-spacer\">\n\t\t\t<div class=\"elementor-spacer-inner\"><\/div>\n\t\t<\/div>\n\t\t\t\t\t\t<\/div>\n\t\t\t\t<\/div>\n\t\t\t\t<div class=\"elementor-element elementor-element-ac6683f elementor-widget elementor-widget-text-editor\" data-id=\"ac6683f\" data-element_type=\"widget\" data-widget_type=\"text-editor.default\">\n\t\t\t\t<div class=\"elementor-widget-container\">\n\t\t\t\t\t\t\t\t\t<p>Whether on a field trip of just one day, or on a longer expedition, we have several partnerships\nthat will reveal to you the traditional friendliness of the people of Northern Portugal, and offer\nyou the best regional wines and foods.<\/p>\t\t\t\t\t\t\t\t<\/div>\n\t\t\t\t<\/div>\n\t\t\t\t\t<\/div>\n\t\t<\/div>\n\t\t\t\t<div class=\"elementor-column elementor-col-25 elementor-top-column elementor-element elementor-element-2b053fc\" data-id=\"2b053fc\" data-element_type=\"column\">\n\t\t\t<div class=\"elementor-widget-wrap\">\n\t\t\t\t\t\t\t<\/div>\n\t\t<\/div>\n\t\t\t\t\t<\/div>\n\t\t<\/section>\n\t\t\t\t<section class=\"elementor-section elementor-top-section elementor-element elementor-element-290a8e9 elementor-section-stretched elementor-section-full_width elementor-section-height-default elementor-section-height-default\" data-id=\"290a8e9\" data-element_type=\"section\" data-settings=\"{&quot;stretch_section&quot;:&quot;section-stretched&quot;}\">\n\t\t\t\t\t\t<div class=\"elementor-container elementor-column-gap-default\">\n\t\t\t\t\t<div class=\"elementor-column elementor-col-25 elementor-top-column elementor-element elementor-element-e7daa0e\" data-id=\"e7daa0e\" data-element_type=\"column\">\n\t\t\t<div class=\"elementor-widget-wrap\">\n\t\t\t\t\t\t\t<\/div>\n\t\t<\/div>\n\t\t\t\t<div class=\"elementor-column elementor-col-25 elementor-top-column elementor-element elementor-element-dcb04d6\" data-id=\"dcb04d6\" data-element_type=\"column\">\n\t\t\t<div class=\"elementor-widget-wrap elementor-element-populated\">\n\t\t\t\t\t\t<div class=\"elementor-element elementor-element-7f8d09b elementor-widget__width-initial elementor-widget elementor-widget-image\" data-id=\"7f8d09b\" data-element_type=\"widget\" data-widget_type=\"image.default\">\n\t\t\t\t<div class=\"elementor-widget-container\">\n\t\t\t\t\t\t\t\t\t\t\t\t\t\t\t\t<a href=\"http:\/\/www.tascadovalado.pt\/\">\n\t\t\t\t\t\t\t<img fetchpriority=\"high\" decoding=\"async\" width=\"300\" height=\"211\" src=\"https:\/\/avesdeamarante.officinanoctua.pt\/wp-content\/uploads\/2020\/04\/unnamed-300x211.png\" class=\"attachment-medium size-medium wp-image-478\" alt=\"\" \/>\t\t\t\t\t\t\t\t<\/a>\n\t\t\t\t\t\t\t\t\t\t\t\t\t\t\t<\/div>\n\t\t\t\t<\/div>\n\t\t\t\t\t<\/div>\n\t\t<\/div>\n\t\t\t\t<div class=\"elementor-column elementor-col-25 elementor-top-column elementor-element elementor-element-60a1cd0\" data-id=\"60a1cd0\" data-element_type=\"column\">\n\t\t\t<div class=\"elementor-widget-wrap elementor-element-populated\">\n\t\t\t\t\t\t<div class=\"elementor-element elementor-element-a936bfe elementor-widget elementor-widget-image\" data-id=\"a936bfe\" data-element_type=\"widget\" data-widget_type=\"image.default\">\n\t\t\t\t<div class=\"elementor-widget-container\">\n\t\t\t\t\t\t\t\t\t\t\t\t\t\t\t\t<a href=\"http:\/\/www.portoenorte.pt\/pt\/onde-comer\/tasca-da-alice\/\">\n\t\t\t\t\t\t\t<img decoding=\"async\" width=\"190\" height=\"118\" src=\"https:\/\/avesdeamarante.officinanoctua.pt\/wp-content\/uploads\/2020\/04\/tda.jpg\" class=\"attachment-medium size-medium wp-image-564\" alt=\"\" \/>\t\t\t\t\t\t\t\t<\/a>\n\t\t\t\t\t\t\t\t\t\t\t\t\t\t\t<\/div>\n\t\t\t\t<\/div>\n\t\t\t\t\t<\/div>\n\t\t<\/div>\n\t\t\t\t<div class=\"elementor-column elementor-col-25 elementor-top-column elementor-element elementor-element-289fb2a\" data-id=\"289fb2a\" data-element_type=\"column\">\n\t\t\t<div class=\"elementor-widget-wrap\">\n\t\t\t\t\t\t\t<\/div>\n\t\t<\/div>\n\t\t\t\t\t<\/div>\n\t\t<\/section>\n\t\t\t\t<section class=\"elementor-section elementor-top-section elementor-element elementor-element-cbd45a0 elementor-section-stretched elementor-section-full_width elementor-section-height-default elementor-section-height-default\" data-id=\"cbd45a0\" data-element_type=\"section\" data-settings=\"{&quot;stretch_section&quot;:&quot;section-stretched&quot;}\">\n\t\t\t\t\t\t<div class=\"elementor-container elementor-column-gap-no\">\n\t\t\t\t\t<div class=\"elementor-column elementor-col-33 elementor-top-column elementor-element elementor-element-efbc2e5\" data-id=\"efbc2e5\" data-element_type=\"column\">\n\t\t\t<div class=\"elementor-widget-wrap elementor-element-populated\">\n\t\t\t\t\t\t<div class=\"elementor-element elementor-element-7b24abf elementor-widget elementor-widget-image\" data-id=\"7b24abf\" data-element_type=\"widget\" data-widget_type=\"image.default\">\n\t\t\t\t<div class=\"elementor-widget-container\">\n\t\t\t\t\t\t\t\t\t\t\t\t\t\t\t\t<a href=\"http:\/\/www.portoenorte.pt\/pt\/onde-ficar\/casa-de-andraes\/\">\n\t\t\t\t\t\t\t<img decoding=\"async\" width=\"300\" height=\"168\" src=\"https:\/\/avesdeamarante.officinanoctua.pt\/wp-content\/uploads\/2020\/04\/andraes-300x168.jpg\" class=\"attachment-medium size-medium wp-image-472\" alt=\"\" srcset=\"https:\/\/avesdeamarante.officinanoctua.pt\/wp-content\/uploads\/2020\/04\/andraes-300x168.jpg 300w, https:\/\/avesdeamarante.officinanoctua.pt\/wp-content\/uploads\/2020\/04\/andraes.jpg 578w\" sizes=\"(max-width: 300px) 100vw, 300px\" \/>\t\t\t\t\t\t\t\t<\/a>\n\t\t\t\t\t\t\t\t\t\t\t\t\t\t\t<\/div>\n\t\t\t\t<\/div>\n\t\t\t\t\t<\/div>\n\t\t<\/div>\n\t\t\t\t<div class=\"elementor-column elementor-col-33 elementor-top-column elementor-element elementor-element-690b0a9\" data-id=\"690b0a9\" data-element_type=\"column\">\n\t\t\t<div class=\"elementor-widget-wrap elementor-element-populated\">\n\t\t\t\t\t\t<div class=\"elementor-element elementor-element-cf7ef71 elementor-widget elementor-widget-image\" data-id=\"cf7ef71\" data-element_type=\"widget\" data-widget_type=\"image.default\">\n\t\t\t\t<div class=\"elementor-widget-container\">\n\t\t\t\t\t\t\t\t\t\t\t\t\t\t\t\t<a href=\"http:\/\/naturpassionamarante.pt\/\">\n\t\t\t\t\t\t\t<img loading=\"lazy\" decoding=\"async\" width=\"300\" height=\"211\" src=\"https:\/\/avesdeamarante.officinanoctua.pt\/wp-content\/uploads\/2020\/04\/natur-300x211.jpg\" class=\"attachment-medium size-medium wp-image-475\" alt=\"\" srcset=\"https:\/\/avesdeamarante.officinanoctua.pt\/wp-content\/uploads\/2020\/04\/natur-300x211.jpg 300w, https:\/\/avesdeamarante.officinanoctua.pt\/wp-content\/uploads\/2020\/04\/natur.jpg 635w\" sizes=\"(max-width: 300px) 100vw, 300px\" \/>\t\t\t\t\t\t\t\t<\/a>\n\t\t\t\t\t\t\t\t\t\t\t\t\t\t\t<\/div>\n\t\t\t\t<\/div>\n\t\t\t\t\t<\/div>\n\t\t<\/div>\n\t\t\t\t<div class=\"elementor-column elementor-col-33 elementor-top-column elementor-element elementor-element-f751a80\" data-id=\"f751a80\" data-element_type=\"column\">\n\t\t\t<div class=\"elementor-widget-wrap elementor-element-populated\">\n\t\t\t\t\t\t<div class=\"elementor-element elementor-element-c22f161 elementor-widget elementor-widget-image\" data-id=\"c22f161\" data-element_type=\"widget\" data-widget_type=\"image.default\">\n\t\t\t\t<div class=\"elementor-widget-container\">\n\t\t\t\t\t\t\t\t\t\t\t\t\t\t\t\t<a href=\"https:\/\/golfedeamarante.com\/\">\n\t\t\t\t\t\t\t<img loading=\"lazy\" decoding=\"async\" width=\"150\" height=\"150\" src=\"https:\/\/avesdeamarante.officinanoctua.pt\/wp-content\/uploads\/2020\/04\/67216092_2357036724340074_5030433660361244672_n-150x150.jpg\" class=\"attachment-thumbnail size-thumbnail wp-image-565\" alt=\"\" srcset=\"https:\/\/avesdeamarante.officinanoctua.pt\/wp-content\/uploads\/2020\/04\/67216092_2357036724340074_5030433660361244672_n-150x150.jpg 150w, https:\/\/avesdeamarante.officinanoctua.pt\/wp-content\/uploads\/2020\/04\/67216092_2357036724340074_5030433660361244672_n-300x300.jpg 300w, https:\/\/avesdeamarante.officinanoctua.pt\/wp-content\/uploads\/2020\/04\/67216092_2357036724340074_5030433660361244672_n.jpg 567w\" sizes=\"(max-width: 150px) 100vw, 150px\" \/>\t\t\t\t\t\t\t\t<\/a>\n\t\t\t\t\t\t\t\t\t\t\t\t\t\t\t<\/div>\n\t\t\t\t<\/div>\n\t\t\t\t\t<\/div>\n\t\t<\/div>\n\t\t\t\t\t<\/div>\n\t\t<\/section>\n\t\t\t\t<footer class=\"elementor-section elementor-top-section elementor-element elementor-element-8f46c0f elementor-section-stretched elementor-section-full_width elementor-section-height-default elementor-section-height-default\" data-id=\"8f46c0f\" data-element_type=\"section\" data-settings=\"{&quot;stretch_section&quot;:&quot;section-stretched&quot;,&quot;background_background&quot;:&quot;classic&quot;}\">\n\t\t\t\t\t\t<div class=\"elementor-container elementor-column-gap-default\">\n\t\t\t\t\t<div class=\"elementor-column elementor-col-25 elementor-top-column elementor-element elementor-element-0b9ae09\" data-id=\"0b9ae09\" data-element_type=\"column\">\n\t\t\t<div class=\"elementor-widget-wrap elementor-element-populated\">\n\t\t\t\t\t\t<div class=\"elementor-element elementor-element-e05c44c elementor-widget elementor-widget-image\" data-id=\"e05c44c\" data-element_type=\"widget\" data-widget_type=\"image.default\">\n\t\t\t\t<div class=\"elementor-widget-container\">\n\t\t\t\t\t\t\t\t\t\t\t\t\t\t\t<img loading=\"lazy\" decoding=\"async\" width=\"78\" height=\"100\" src=\"https:\/\/avesdeamarante.officinanoctua.pt\/wp-content\/uploads\/2020\/04\/Ativo-3.png\" class=\"attachment-large size-large wp-image-201\" alt=\"\" \/>\t\t\t\t\t\t\t\t\t\t\t\t\t\t\t<\/div>\n\t\t\t\t<\/div>\n\t\t\t\t\t<\/div>\n\t\t<\/div>\n\t\t\t\t<div class=\"elementor-column elementor-col-50 elementor-top-column elementor-element elementor-element-8815c4c\" data-id=\"8815c4c\" data-element_type=\"column\">\n\t\t\t<div class=\"elementor-widget-wrap elementor-element-populated\">\n\t\t\t\t\t\t<div class=\"elementor-element elementor-element-eb3dfd0 elementor-widget elementor-widget-spacer\" data-id=\"eb3dfd0\" data-element_type=\"widget\" data-widget_type=\"spacer.default\">\n\t\t\t\t<div class=\"elementor-widget-container\">\n\t\t\t\t\t\t\t<div class=\"elementor-spacer\">\n\t\t\t<div class=\"elementor-spacer-inner\"><\/div>\n\t\t<\/div>\n\t\t\t\t\t\t<\/div>\n\t\t\t\t<\/div>\n\t\t\t\t<div class=\"elementor-element elementor-element-5567b06 elementor-widget elementor-widget-text-editor\" data-id=\"5567b06\" data-element_type=\"widget\" data-widget_type=\"text-editor.default\">\n\t\t\t\t<div class=\"elementor-widget-container\">\n\t\t\t\t\t\t\t\t\t<p><strong>Officina Noctua<\/strong><br \/>Rua Miguel Bombarda n\u00ba10 4600-089 Amarante<br \/>(351) 255432097 * :: officina.noctua@gmail.com<br \/>*<em>chamada para rede fixa nacional<\/em><\/p>\t\t\t\t\t\t\t\t<\/div>\n\t\t\t\t<\/div>\n\t\t\t\t<div class=\"elementor-element elementor-element-53a101d elementor-shape-rounded elementor-grid-0 e-grid-align-center elementor-widget elementor-widget-social-icons\" data-id=\"53a101d\" data-element_type=\"widget\" data-widget_type=\"social-icons.default\">\n\t\t\t\t<div class=\"elementor-widget-container\">\n\t\t\t\t\t\t\t<div class=\"elementor-social-icons-wrapper elementor-grid\" role=\"list\">\n\t\t\t\t\t\t\t<span class=\"elementor-grid-item\" role=\"listitem\">\n\t\t\t\t\t<a class=\"elementor-icon elementor-social-icon elementor-social-icon-facebook elementor-repeater-item-ef5cf57\" href=\"https:\/\/www.facebook.com\/groups\/aves.de.amarante\/\" target=\"_blank\">\n\t\t\t\t\t\t<span class=\"elementor-screen-only\">Facebook<\/span>\n\t\t\t\t\t\t<i class=\"fab fa-facebook\"><\/i>\t\t\t\t\t<\/a>\n\t\t\t\t<\/span>\n\t\t\t\t\t\t\t<span class=\"elementor-grid-item\" role=\"listitem\">\n\t\t\t\t\t<a class=\"elementor-icon elementor-social-icon elementor-social-icon-instagram elementor-repeater-item-e72f8f1\" href=\"https:\/\/www.instagram.com\/aves.de.amarante\/\" target=\"_blank\">\n\t\t\t\t\t\t<span class=\"elementor-screen-only\">Instagram<\/span>\n\t\t\t\t\t\t<i class=\"fab fa-instagram\"><\/i>\t\t\t\t\t<\/a>\n\t\t\t\t<\/span>\n\t\t\t\t\t<\/div>\n\t\t\t\t\t\t<\/div>\n\t\t\t\t<\/div>\n\t\t\t\t<div class=\"elementor-element elementor-element-a57ec94 elementor-widget elementor-widget-spacer\" data-id=\"a57ec94\" data-element_type=\"widget\" data-widget_type=\"spacer.default\">\n\t\t\t\t<div class=\"elementor-widget-container\">\n\t\t\t\t\t\t\t<div class=\"elementor-spacer\">\n\t\t\t<div class=\"elementor-spacer-inner\"><\/div>\n\t\t<\/div>\n\t\t\t\t\t\t<\/div>\n\t\t\t\t<\/div>\n\t\t\t\t<div class=\"elementor-element elementor-element-c885f47 elementor-widget elementor-widget-text-editor\" data-id=\"c885f47\" data-element_type=\"widget\" data-widget_type=\"text-editor.default\">\n\t\t\t\t<div class=\"elementor-widget-container\">\n\t\t\t\t\t\t\t\t\t<p>Officina Noctua \u00a9 MMXXV<br \/>All rights reserved<\/p>\t\t\t\t\t\t\t\t<\/div>\n\t\t\t\t<\/div>\n\t\t\t\t\t<\/div>\n\t\t<\/div>\n\t\t\t\t<div class=\"elementor-column elementor-col-25 elementor-top-column elementor-element elementor-element-4c91b44\" data-id=\"4c91b44\" data-element_type=\"column\">\n\t\t\t<div class=\"elementor-widget-wrap elementor-element-populated\">\n\t\t\t\t\t\t<div class=\"elementor-element elementor-element-330a056 elementor-widget elementor-widget-image\" data-id=\"330a056\" data-element_type=\"widget\" data-widget_type=\"image.default\">\n\t\t\t\t<div class=\"elementor-widget-container\">\n\t\t\t\t\t\t\t\t\t\t\t\t\t\t\t<img loading=\"lazy\" decoding=\"async\" width=\"94\" height=\"100\" src=\"https:\/\/avesdeamarante.officinanoctua.pt\/wp-content\/uploads\/2020\/04\/logo-Turismo-de-Natureza-ICNB-verde.png\" class=\"attachment-large size-large wp-image-202\" alt=\"\" \/>\t\t\t\t\t\t\t\t\t\t\t\t\t\t\t<\/div>\n\t\t\t\t<\/div>\n\t\t\t\t<div class=\"elementor-element elementor-element-9df84dc elementor-widget elementor-widget-text-editor\" data-id=\"9df84dc\" data-element_type=\"widget\" data-widget_type=\"text-editor.default\">\n\t\t\t\t<div class=\"elementor-widget-container\">\n\t\t\t\t\t\t\t\t\t<p style=\"text-align: center;\">RNAAT: 1023\/2019<\/p>\t\t\t\t\t\t\t\t<\/div>\n\t\t\t\t<\/div>\n\t\t\t\t\t<\/div>\n\t\t<\/div>\n\t\t\t\t\t<\/div>\n\t\t<\/footer>\n\t\t\t\t<\/div>","protected":false},"excerpt":{"rendered":"<p>Parcerias Seja numa sa\u00edda de campo de apenas um dia, ou numa expedi\u00e7\u00e3o mais prolongada, n\u00f3s contamos com v\u00e1rias parcerias [&hellip;]<\/p>","protected":false},"author":2,"featured_media":0,"parent":0,"menu_order":0,"comment_status":"closed","ping_status":"closed","template":"elementor_header_footer","meta":{"iawp_total_views":18,"footnotes":""},"class_list":["post-100","page","type-page","status-publish","hentry"],"yoast_head":"<!-- This site is optimized with the Yoast SEO plugin v25.6 - https:\/\/yoast.com\/wordpress\/plugins\/seo\/ -->\n<title>Parcerias - Aves de Amarante<\/title>\n<meta name=\"robots\" content=\"index, follow, max-snippet:-1, max-image-preview:large, max-video-preview:-1\" \/>\n<link rel=\"canonical\" href=\"https:\/\/avesdeamarante.officinanoctua.pt\/en\/parcerias\/\" \/>\n<meta property=\"og:locale\" content=\"en_GB\" \/>\n<meta property=\"og:type\" content=\"article\" \/>\n<meta property=\"og:title\" content=\"Parcerias - Aves de Amarante\" \/>\n<meta property=\"og:description\" content=\"Parcerias Seja numa sa\u00edda de campo de apenas um dia, ou numa expedi\u00e7\u00e3o mais prolongada, n\u00f3s contamos com v\u00e1rias parcerias [&hellip;]\" \/>\n<meta property=\"og:url\" content=\"https:\/\/avesdeamarante.officinanoctua.pt\/en\/parcerias\/\" \/>\n<meta property=\"og:site_name\" content=\"Aves de Amarante\" \/>\n<meta property=\"article:modified_time\" content=\"2025-10-25T12:09:31+00:00\" \/>\n<meta property=\"og:image\" content=\"https:\/\/avesdeamarante.officinanoctua.pt\/wp-content\/uploads\/2020\/04\/unnamed-e1588460431424.png\" \/>\n\t<meta property=\"og:image:width\" content=\"300\" \/>\n\t<meta property=\"og:image:height\" content=\"211\" \/>\n\t<meta property=\"og:image:type\" content=\"image\/png\" \/>\n<meta name=\"twitter:card\" content=\"summary_large_image\" \/>\n<meta name=\"twitter:label1\" content=\"Estimated reading time\" \/>\n\t<meta name=\"twitter:data1\" content=\"2 minutes\" \/>\n<script type=\"application\/ld+json\" class=\"yoast-schema-graph\">{\"@context\":\"https:\/\/schema.org\",\"@graph\":[{\"@type\":\"WebPage\",\"@id\":\"https:\/\/avesdeamarante.officinanoctua.pt\/parcerias\/\",\"url\":\"https:\/\/avesdeamarante.officinanoctua.pt\/parcerias\/\",\"name\":\"Parcerias - Aves de Amarante\",\"isPartOf\":{\"@id\":\"https:\/\/avesdeamarante.officinanoctua.pt\/#website\"},\"primaryImageOfPage\":{\"@id\":\"https:\/\/avesdeamarante.officinanoctua.pt\/parcerias\/#primaryimage\"},\"image\":{\"@id\":\"https:\/\/avesdeamarante.officinanoctua.pt\/parcerias\/#primaryimage\"},\"thumbnailUrl\":\"https:\/\/avesdeamarante.officinanoctua.pt\/wp-content\/uploads\/2020\/04\/unnamed-300x211.png\",\"datePublished\":\"2020-04-27T14:05:42+00:00\",\"dateModified\":\"2025-10-25T12:09:31+00:00\",\"breadcrumb\":{\"@id\":\"https:\/\/avesdeamarante.officinanoctua.pt\/parcerias\/#breadcrumb\"},\"inLanguage\":\"en-GB\",\"potentialAction\":[{\"@type\":\"ReadAction\",\"target\":[\"https:\/\/avesdeamarante.officinanoctua.pt\/parcerias\/\"]}]},{\"@type\":\"ImageObject\",\"inLanguage\":\"en-GB\",\"@id\":\"https:\/\/avesdeamarante.officinanoctua.pt\/parcerias\/#primaryimage\",\"url\":\"https:\/\/avesdeamarante.officinanoctua.pt\/wp-content\/uploads\/2020\/04\/unnamed-300x211.png\",\"contentUrl\":\"https:\/\/avesdeamarante.officinanoctua.pt\/wp-content\/uploads\/2020\/04\/unnamed-300x211.png\"},{\"@type\":\"BreadcrumbList\",\"@id\":\"https:\/\/avesdeamarante.officinanoctua.pt\/parcerias\/#breadcrumb\",\"itemListElement\":[{\"@type\":\"ListItem\",\"position\":1,\"name\":\"In\u00edcio\",\"item\":\"https:\/\/avesdeamarante.officinanoctua.pt\/\"},{\"@type\":\"ListItem\",\"position\":2,\"name\":\"Parcerias\"}]},{\"@type\":\"WebSite\",\"@id\":\"https:\/\/avesdeamarante.officinanoctua.pt\/#website\",\"url\":\"https:\/\/avesdeamarante.officinanoctua.pt\/\",\"name\":\"Aves de Amarante\",\"description\":\"Birdwatching em Amarante e Portugal Norte\",\"publisher\":{\"@id\":\"https:\/\/avesdeamarante.officinanoctua.pt\/#organization\"},\"potentialAction\":[{\"@type\":\"SearchAction\",\"target\":{\"@type\":\"EntryPoint\",\"urlTemplate\":\"https:\/\/avesdeamarante.officinanoctua.pt\/?s={search_term_string}\"},\"query-input\":{\"@type\":\"PropertyValueSpecification\",\"valueRequired\":true,\"valueName\":\"search_term_string\"}}],\"inLanguage\":\"en-GB\"},{\"@type\":\"Organization\",\"@id\":\"https:\/\/avesdeamarante.officinanoctua.pt\/#organization\",\"name\":\"Aves de Amarante\",\"url\":\"https:\/\/avesdeamarante.officinanoctua.pt\/\",\"logo\":{\"@type\":\"ImageObject\",\"inLanguage\":\"en-GB\",\"@id\":\"https:\/\/avesdeamarante.officinanoctua.pt\/#\/schema\/logo\/image\/\",\"url\":\"https:\/\/avesdeamarante.officinanoctua.pt\/wp-content\/uploads\/2020\/04\/Ativo-1.png\",\"contentUrl\":\"https:\/\/avesdeamarante.officinanoctua.pt\/wp-content\/uploads\/2020\/04\/Ativo-1.png\",\"width\":193,\"height\":59,\"caption\":\"Aves de Amarante\"},\"image\":{\"@id\":\"https:\/\/avesdeamarante.officinanoctua.pt\/#\/schema\/logo\/image\/\"}}]}<\/script>\n<!-- \/ Yoast SEO plugin. -->","yoast_head_json":{"title":"Parcerias - Aves de Amarante","robots":{"index":"index","follow":"follow","max-snippet":"max-snippet:-1","max-image-preview":"max-image-preview:large","max-video-preview":"max-video-preview:-1"},"canonical":"https:\/\/avesdeamarante.officinanoctua.pt\/en\/parcerias\/","og_locale":"en_GB","og_type":"article","og_title":"Parcerias - Aves de Amarante","og_description":"Parcerias Seja numa sa\u00edda de campo de apenas um dia, ou numa expedi\u00e7\u00e3o mais prolongada, n\u00f3s contamos com v\u00e1rias parcerias [&hellip;]","og_url":"https:\/\/avesdeamarante.officinanoctua.pt\/en\/parcerias\/","og_site_name":"Aves de Amarante","article_modified_time":"2025-10-25T12:09:31+00:00","og_image":[{"width":300,"height":211,"url":"https:\/\/avesdeamarante.officinanoctua.pt\/wp-content\/uploads\/2020\/04\/unnamed-e1588460431424.png","type":"image\/png"}],"twitter_card":"summary_large_image","twitter_misc":{"Estimated reading time":"2 minutes"},"schema":{"@context":"https:\/\/schema.org","@graph":[{"@type":"WebPage","@id":"https:\/\/avesdeamarante.officinanoctua.pt\/parcerias\/","url":"https:\/\/avesdeamarante.officinanoctua.pt\/parcerias\/","name":"Parcerias - Aves de Amarante","isPartOf":{"@id":"https:\/\/avesdeamarante.officinanoctua.pt\/#website"},"primaryImageOfPage":{"@id":"https:\/\/avesdeamarante.officinanoctua.pt\/parcerias\/#primaryimage"},"image":{"@id":"https:\/\/avesdeamarante.officinanoctua.pt\/parcerias\/#primaryimage"},"thumbnailUrl":"https:\/\/avesdeamarante.officinanoctua.pt\/wp-content\/uploads\/2020\/04\/unnamed-300x211.png","datePublished":"2020-04-27T14:05:42+00:00","dateModified":"2025-10-25T12:09:31+00:00","breadcrumb":{"@id":"https:\/\/avesdeamarante.officinanoctua.pt\/parcerias\/#breadcrumb"},"inLanguage":"en-GB","potentialAction":[{"@type":"ReadAction","target":["https:\/\/avesdeamarante.officinanoctua.pt\/parcerias\/"]}]},{"@type":"ImageObject","inLanguage":"en-GB","@id":"https:\/\/avesdeamarante.officinanoctua.pt\/parcerias\/#primaryimage","url":"https:\/\/avesdeamarante.officinanoctua.pt\/wp-content\/uploads\/2020\/04\/unnamed-300x211.png","contentUrl":"https:\/\/avesdeamarante.officinanoctua.pt\/wp-content\/uploads\/2020\/04\/unnamed-300x211.png"},{"@type":"BreadcrumbList","@id":"https:\/\/avesdeamarante.officinanoctua.pt\/parcerias\/#breadcrumb","itemListElement":[{"@type":"ListItem","position":1,"name":"In\u00edcio","item":"https:\/\/avesdeamarante.officinanoctua.pt\/"},{"@type":"ListItem","position":2,"name":"Parcerias"}]},{"@type":"WebSite","@id":"https:\/\/avesdeamarante.officinanoctua.pt\/#website","url":"https:\/\/avesdeamarante.officinanoctua.pt\/","name":"Aves de Amarante","description":"Birdwatching em Amarante e Portugal Norte","publisher":{"@id":"https:\/\/avesdeamarante.officinanoctua.pt\/#organization"},"potentialAction":[{"@type":"SearchAction","target":{"@type":"EntryPoint","urlTemplate":"https:\/\/avesdeamarante.officinanoctua.pt\/?s={search_term_string}"},"query-input":{"@type":"PropertyValueSpecification","valueRequired":true,"valueName":"search_term_string"}}],"inLanguage":"en-GB"},{"@type":"Organization","@id":"https:\/\/avesdeamarante.officinanoctua.pt\/#organization","name":"Aves de Amarante","url":"https:\/\/avesdeamarante.officinanoctua.pt\/","logo":{"@type":"ImageObject","inLanguage":"en-GB","@id":"https:\/\/avesdeamarante.officinanoctua.pt\/#\/schema\/logo\/image\/","url":"https:\/\/avesdeamarante.officinanoctua.pt\/wp-content\/uploads\/2020\/04\/Ativo-1.png","contentUrl":"https:\/\/avesdeamarante.officinanoctua.pt\/wp-content\/uploads\/2020\/04\/Ativo-1.png","width":193,"height":59,"caption":"Aves de Amarante"},"image":{"@id":"https:\/\/avesdeamarante.officinanoctua.pt\/#\/schema\/logo\/image\/"}}]}},"_links":{"self":[{"href":"https:\/\/avesdeamarante.officinanoctua.pt\/en\/wp-json\/wp\/v2\/pages\/100","targetHints":{"allow":["GET"]}}],"collection":[{"href":"https:\/\/avesdeamarante.officinanoctua.pt\/en\/wp-json\/wp\/v2\/pages"}],"about":[{"href":"https:\/\/avesdeamarante.officinanoctua.pt\/en\/wp-json\/wp\/v2\/types\/page"}],"author":[{"embeddable":true,"href":"https:\/\/avesdeamarante.officinanoctua.pt\/en\/wp-json\/wp\/v2\/users\/2"}],"replies":[{"embeddable":true,"href":"https:\/\/avesdeamarante.officinanoctua.pt\/en\/wp-json\/wp\/v2\/comments?post=100"}],"version-history":[{"count":0,"href":"https:\/\/avesdeamarante.officinanoctua.pt\/en\/wp-json\/wp\/v2\/pages\/100\/revisions"}],"wp:attachment":[{"href":"https:\/\/avesdeamarante.officinanoctua.pt\/en\/wp-json\/wp\/v2\/media?parent=100"}],"curies":[{"name":"wp","href":"https:\/\/api.w.org\/{rel}","templated":true}]}}